{"id":5412,"date":"2026-01-26T09:39:32","date_gmt":"2026-01-26T09:39:32","guid":{"rendered":"https:\/\/ehox.es\/shop\/base-de-conexao-para-tubo-exposto-bsa\/"},"modified":"2026-02-27T10:21:47","modified_gmt":"2026-02-27T10:21:47","slug":"base-de-conexao-para-tubo-exposto-bsa","status":"publish","type":"product","link":"https:\/\/ehox.es\/pt-pt\/shop\/base-de-conexao-para-tubo-exposto-bsa\/","title":{"rendered":"Base de conex\u00e3o para tubo visto BSA"},"content":{"rendered":"<p>Base de conex\u00e3o para tubo visto de 20 mm para detetores das gamas AC, AX e JN. Cor branca. Dimens\u00f5es 100 mm \u00d8 x 28 mm   <\/p>\n","protected":false},"excerpt":{"rendered":"Base de conex\u00e3o para tubo visto para detectores e c\u00e2mera","protected":false},"featured_media":4506,"template":"","meta":[],"product_brand":[],"product_cat":[188,194,200,260,254,255],"product_tag":[],"class_list":{"0":"post-5412","1":"product","2":"type-product","3":"status-publish","4":"has-post-thumbnail","6":"product_cat-deteccao-algoritmica","7":"product_cat-deteccao-hibrida","8":"product_cat-deteccao-convencional","9":"product_cat-3-detetores","10":"product_cat-detetores-deteccao-hibrida","11":"product_cat-detetores-deteccao-algoritmica","13":"first","14":"instock","15":"shipping-taxable","16":"product-type-simple"},"_links":{"self":[{"href":"https:\/\/ehox.es\/pt-pt\/wp-json\/wp\/v2\/product\/5412","targetHints":{"allow":["GET"]}}],"collection":[{"href":"https:\/\/ehox.es\/pt-pt\/wp-json\/wp\/v2\/product"}],"about":[{"href":"https:\/\/ehox.es\/pt-pt\/wp-json\/wp\/v2\/types\/product"}],"wp:featuredmedia":[{"embeddable":true,"href":"https:\/\/ehox.es\/pt-pt\/wp-json\/wp\/v2\/media\/4506"}],"wp:attachment":[{"href":"https:\/\/ehox.es\/pt-pt\/wp-json\/wp\/v2\/media?parent=5412"}],"wp:term":[{"taxonomy":"product_brand","embeddable":true,"href":"https:\/\/ehox.es\/pt-pt\/wp-json\/wp\/v2\/product_brand?post=5412"},{"taxonomy":"product_cat","embeddable":true,"href":"https:\/\/ehox.es\/pt-pt\/wp-json\/wp\/v2\/product_cat?post=5412"},{"taxonomy":"product_tag","embeddable":true,"href":"https:\/\/ehox.es\/pt-pt\/wp-json\/wp\/v2\/product_tag?post=5412"}],"curies":[{"name":"wp","href":"https:\/\/api.w.org\/{rel}","templated":true}]}}