{"id":5400,"date":"2026-01-25T16:51:11","date_gmt":"2026-01-25T16:51:11","guid":{"rendered":"https:\/\/ehox.es\/shop\/painel-analogico-de-deteccao-de-co-e-no2-para-rede-netcom-de-2-zonas-rax-jnbus\/"},"modified":"2026-01-25T16:51:11","modified_gmt":"2026-01-25T16:51:11","slug":"painel-analogico-de-deteccao-de-co-e-no2-para-rede-netcom-de-2-zonas-rax-jnbus","status":"publish","type":"product","link":"https:\/\/ehox.es\/pt-pt\/shop\/painel-analogico-de-deteccao-de-co-e-no2-para-rede-netcom-de-2-zonas-rax-jnbus\/","title":{"rendered":"Painel anal\u00f3gico de detec\u00e7\u00e3o de CO e NO2 para rede NETCOM\u00ae de 2 zonas RAX JNBUS"},"content":{"rendered":"<p>Painel de detec\u00e7\u00e3o anal\u00f3gica de CO e NO2 para rede NETCOM\u00ae de 1 loop com capacidade para combinar at\u00e9 120 detectores anal\u00f3gicos de CO, NO2 ou CO-NO2 duplo, sa\u00edda de pr\u00e9-alarme e alarme por rel\u00e9 220Vacc a partir do loop atrav\u00e9s de m\u00f3dulos de 2 ou 4 sa\u00eddas (Ref. JNR2 ou JNR4) com liga\u00e7\u00e3o direta \u00e0 rede de pain\u00e9is EH-SYNC\u00ae, ecr\u00e3 TFT t\u00e1til de 2,7&#8243; multilingue com registo de at\u00e9 10.000 eventos. 2 E\/S program\u00e1veis supervisionadas 24 V. 300mA. 2 sa\u00eddas de rel\u00e9 independentes para alarme\/avaria.<\/p>\n<p>Configura\u00e7\u00e3o e coloca\u00e7\u00e3o em servi\u00e7o a partir do pr\u00f3prio painel e atrav\u00e9s de porta USB e\/ou Bluetooth na placa, sem necessidade de placa adicional, mediante a app Tools\u00ae. Protocolo MODBUS dispon\u00edvel atrav\u00e9s de porta Ethernet. Porta Wi-Fi inclu\u00edda e, opcionalmente, com m\u00f3dulo 4G (ref. W4G), para gest\u00e3o remota e acesso \u00e0 plataforma Nusku\u00ae.<\/p>\n<p>Caixa em pl\u00e1stico ABS branco RAL 9010 para instala\u00e7\u00e3o \u00e0 superf\u00edcie ou embutida. Dimens\u00f5es 200 mm x 290 mm x 80 mm. Certificados CPR EN54-2, EN54-4, EN54-13 e EN54-21. Espa\u00e7o para duas baterias 12 V\/7 Ah n\u00e3o inclu\u00eddas.<\/p>\n<p>&#8220;<\/p>\n","protected":false},"excerpt":{"rendered":"Painel de detec\u00e7\u00e3o anal\u00f3gica de CO e NO2 para rede NETCOM\u00ae de 1 loop, ecr\u00e3 t\u00e1til, USB\/Bluetooth\/WiFi\/4G.","protected":false},"featured_media":4552,"template":"","meta":[],"product_brand":[],"product_cat":[188,251],"product_tag":[],"class_list":{"0":"post-5400","1":"product","2":"type-product","3":"status-publish","4":"has-post-thumbnail","6":"product_cat-deteccao-algoritmica","7":"product_cat-paineis-rax-deteccao-algoritmica","9":"first","10":"instock","11":"shipping-taxable","12":"product-type-simple"},"_links":{"self":[{"href":"https:\/\/ehox.es\/pt-pt\/wp-json\/wp\/v2\/product\/5400","targetHints":{"allow":["GET"]}}],"collection":[{"href":"https:\/\/ehox.es\/pt-pt\/wp-json\/wp\/v2\/product"}],"about":[{"href":"https:\/\/ehox.es\/pt-pt\/wp-json\/wp\/v2\/types\/product"}],"wp:featuredmedia":[{"embeddable":true,"href":"https:\/\/ehox.es\/pt-pt\/wp-json\/wp\/v2\/media\/4552"}],"wp:attachment":[{"href":"https:\/\/ehox.es\/pt-pt\/wp-json\/wp\/v2\/media?parent=5400"}],"wp:term":[{"taxonomy":"product_brand","embeddable":true,"href":"https:\/\/ehox.es\/pt-pt\/wp-json\/wp\/v2\/product_brand?post=5400"},{"taxonomy":"product_cat","embeddable":true,"href":"https:\/\/ehox.es\/pt-pt\/wp-json\/wp\/v2\/product_cat?post=5400"},{"taxonomy":"product_tag","embeddable":true,"href":"https:\/\/ehox.es\/pt-pt\/wp-json\/wp\/v2\/product_tag?post=5400"}],"curies":[{"name":"wp","href":"https:\/\/api.w.org\/{rel}","templated":true}]}}