{"id":5377,"date":"2026-01-25T17:33:19","date_gmt":"2026-01-25T17:33:19","guid":{"rendered":"https:\/\/ehox.es\/shop\/camara-para-ligacao-a-zona-ou-loop-wcon\/"},"modified":"2026-01-25T17:33:19","modified_gmt":"2026-01-25T17:33:19","slug":"camara-para-ligacao-a-zona-ou-loop-wcon","status":"publish","type":"product","link":"https:\/\/ehox.es\/pt-pt\/shop\/camara-para-ligacao-a-zona-ou-loop-wcon\/","title":{"rendered":"C\u00e2mara para liga\u00e7\u00e3o \u00e0 zona ou loop WCON"},"content":{"rendered":"<p>C\u00e2mara para liga\u00e7\u00e3o direta \u00e0 zona ou circuito que fornece imagem de incid\u00eancia ou alarme para verifica\u00e7\u00e3o por v\u00eddeo. Endere\u00e7amento atrav\u00e9s de leitura de c\u00f3digo QR.<\/p>\n","protected":false},"excerpt":{"rendered":"C\u00e2mara para liga\u00e7\u00e3o direta \u00e0 zona ou ao loop","protected":false},"featured_media":0,"template":"","meta":[],"product_brand":[],"product_cat":[188,194,248],"product_tag":[],"class_list":{"0":"post-5377","1":"product","2":"type-product","3":"status-publish","5":"product_cat-deteccao-algoritmica","6":"product_cat-deteccao-hibrida","7":"product_cat-videoverificacao-deteccao-algoritmica","9":"first","10":"instock","11":"shipping-taxable","12":"product-type-simple"},"_links":{"self":[{"href":"https:\/\/ehox.es\/pt-pt\/wp-json\/wp\/v2\/product\/5377","targetHints":{"allow":["GET"]}}],"collection":[{"href":"https:\/\/ehox.es\/pt-pt\/wp-json\/wp\/v2\/product"}],"about":[{"href":"https:\/\/ehox.es\/pt-pt\/wp-json\/wp\/v2\/types\/product"}],"wp:attachment":[{"href":"https:\/\/ehox.es\/pt-pt\/wp-json\/wp\/v2\/media?parent=5377"}],"wp:term":[{"taxonomy":"product_brand","embeddable":true,"href":"https:\/\/ehox.es\/pt-pt\/wp-json\/wp\/v2\/product_brand?post=5377"},{"taxonomy":"product_cat","embeddable":true,"href":"https:\/\/ehox.es\/pt-pt\/wp-json\/wp\/v2\/product_cat?post=5377"},{"taxonomy":"product_tag","embeddable":true,"href":"https:\/\/ehox.es\/pt-pt\/wp-json\/wp\/v2\/product_tag?post=5377"}],"curies":[{"name":"wp","href":"https:\/\/api.w.org\/{rel}","templated":true}]}}