{"id":5371,"date":"2026-01-25T17:31:44","date_gmt":"2026-01-25T17:31:44","guid":{"rendered":"https:\/\/ehox.es\/shop\/sirene-analogica-interna-wxpsf\/"},"modified":"2026-01-25T17:31:44","modified_gmt":"2026-01-25T17:31:44","slug":"sirene-analogica-interna-wxpsf","status":"publish","type":"product","link":"https:\/\/ehox.es\/pt-pt\/shop\/sirene-analogica-interna-wxpsf\/","title":{"rendered":"Sirene anal\u00f3gica interna WXPSF"},"content":{"rendered":"<p>Sirene anal\u00f3gica interior \u00f3ptica ac\u00fastica vermelha, flash branco. N\u00edvel ac\u00fastico de 89 a 105db, 44 x 118 x 106 mm, Certificado CPR EN 54-3 e EN 54-23. Endere\u00e7amento atrav\u00e9s da leitura do c\u00f3digo QR e possui isolador de curto-circuito incorporado.  <\/p>\n","protected":false},"excerpt":{"rendered":"Sirene anal\u00f3gica interior \u00f3ptica ac\u00fastica vermelha com flash branco","protected":false},"featured_media":4545,"template":"","meta":[],"product_brand":[],"product_cat":[188,245],"product_tag":[],"class_list":{"0":"post-5371","1":"product","2":"type-product","3":"status-publish","4":"has-post-thumbnail","6":"product_cat-deteccao-algoritmica","7":"product_cat-dispositivos-de-sinalizacao-deteccao-algoritmica","9":"first","10":"instock","11":"shipping-taxable","12":"product-type-simple"},"_links":{"self":[{"href":"https:\/\/ehox.es\/pt-pt\/wp-json\/wp\/v2\/product\/5371","targetHints":{"allow":["GET"]}}],"collection":[{"href":"https:\/\/ehox.es\/pt-pt\/wp-json\/wp\/v2\/product"}],"about":[{"href":"https:\/\/ehox.es\/pt-pt\/wp-json\/wp\/v2\/types\/product"}],"wp:featuredmedia":[{"embeddable":true,"href":"https:\/\/ehox.es\/pt-pt\/wp-json\/wp\/v2\/media\/4545"}],"wp:attachment":[{"href":"https:\/\/ehox.es\/pt-pt\/wp-json\/wp\/v2\/media?parent=5371"}],"wp:term":[{"taxonomy":"product_brand","embeddable":true,"href":"https:\/\/ehox.es\/pt-pt\/wp-json\/wp\/v2\/product_brand?post=5371"},{"taxonomy":"product_cat","embeddable":true,"href":"https:\/\/ehox.es\/pt-pt\/wp-json\/wp\/v2\/product_cat?post=5371"},{"taxonomy":"product_tag","embeddable":true,"href":"https:\/\/ehox.es\/pt-pt\/wp-json\/wp\/v2\/product_tag?post=5371"}],"curies":[{"name":"wp","href":"https:\/\/api.w.org\/{rel}","templated":true}]}}