{"id":5365,"date":"2026-01-25T17:27:51","date_gmt":"2026-01-25T17:27:51","guid":{"rendered":"https:\/\/ehox.es\/shop\/base-com-sirene-e-flash-analogico-wxbsf\/"},"modified":"2026-01-25T17:27:51","modified_gmt":"2026-01-25T17:27:51","slug":"base-com-sirene-e-flash-analogico-wxbsf","status":"publish","type":"product","link":"https:\/\/ehox.es\/pt-pt\/shop\/base-com-sirene-e-flash-analogico-wxbsf\/","title":{"rendered":"Base com sirene e flash anal\u00f3gico WXBSF"},"content":{"rendered":"<p>Base com sirene e flash anal\u00f3gico \u00f3tico ac\u00fastico. 32 tons principais e 32 tons alternativos, n\u00edvel ac\u00fastico at\u00e9 92db. 130mm \u00d8 x 28mm. Certificado CPR EN 54-23. Endere\u00e7amento atrav\u00e9s da leitura de c\u00f3digo QR e possui isolador de curto-circuito incorporado.   <\/p>\n","protected":false},"excerpt":{"rendered":"Base com sirene e flash anal\u00f3gico \u00f3tico ac\u00fastico","protected":false},"featured_media":4547,"template":"","meta":[],"product_brand":[],"product_cat":[188,245],"product_tag":[],"class_list":{"0":"post-5365","1":"product","2":"type-product","3":"status-publish","4":"has-post-thumbnail","6":"product_cat-deteccao-algoritmica","7":"product_cat-dispositivos-de-sinalizacao-deteccao-algoritmica","9":"first","10":"instock","11":"shipping-taxable","12":"product-type-simple"},"_links":{"self":[{"href":"https:\/\/ehox.es\/pt-pt\/wp-json\/wp\/v2\/product\/5365","targetHints":{"allow":["GET"]}}],"collection":[{"href":"https:\/\/ehox.es\/pt-pt\/wp-json\/wp\/v2\/product"}],"about":[{"href":"https:\/\/ehox.es\/pt-pt\/wp-json\/wp\/v2\/types\/product"}],"wp:featuredmedia":[{"embeddable":true,"href":"https:\/\/ehox.es\/pt-pt\/wp-json\/wp\/v2\/media\/4547"}],"wp:attachment":[{"href":"https:\/\/ehox.es\/pt-pt\/wp-json\/wp\/v2\/media?parent=5365"}],"wp:term":[{"taxonomy":"product_brand","embeddable":true,"href":"https:\/\/ehox.es\/pt-pt\/wp-json\/wp\/v2\/product_brand?post=5365"},{"taxonomy":"product_cat","embeddable":true,"href":"https:\/\/ehox.es\/pt-pt\/wp-json\/wp\/v2\/product_cat?post=5365"},{"taxonomy":"product_tag","embeddable":true,"href":"https:\/\/ehox.es\/pt-pt\/wp-json\/wp\/v2\/product_tag?post=5365"}],"curies":[{"name":"wp","href":"https:\/\/api.w.org\/{rel}","templated":true}]}}