{"id":5361,"date":"2026-01-25T17:23:53","date_gmt":"2026-01-25T17:23:53","guid":{"rendered":"https:\/\/ehox.es\/shop\/resettable-analogue-alarm-push-button-wxcpip\/"},"modified":"2026-02-25T15:12:48","modified_gmt":"2026-02-25T15:12:48","slug":"resettable-analogue-alarm-push-button-wxcpip","status":"publish","type":"product","link":"https:\/\/ehox.es\/pt-pt\/shop\/resettable-analogue-alarm-push-button-wxcpip\/","title":{"rendered":"Bot\u00e3o de alarme anal\u00f3gico rearme\u00e1vel WXCPIP"},"content":{"rendered":"<p>Bot\u00e3o de alarme anal\u00f3gico rearm\u00e1vel, cor vermelha, com LED e tampa, montagem \u00e0 superf\u00edcie, certificado CPR EN54-1. IP65. Endere\u00e7amento por leitura de c\u00f3digo QR e com isolador de curto-circuito incorporado.<\/p>\n","protected":false},"excerpt":{"rendered":"Bot\u00e3o de alarme anal\u00f3gico rearm\u00e1vel vermelho com LED e tampa para exterior IP65","protected":false},"featured_media":4549,"template":"","meta":[],"product_brand":[],"product_cat":[188,194,232,242],"product_tag":[],"class_list":{"0":"post-5361","1":"product","2":"type-product","3":"status-publish","4":"has-post-thumbnail","6":"product_cat-deteccao-algoritmica","7":"product_cat-deteccao-hibrida","8":"product_cat-botoes-deteccao-hibrida","9":"product_cat-botoes-deteccao-algoritmica","11":"first","12":"instock","13":"shipping-taxable","14":"product-type-simple"},"_links":{"self":[{"href":"https:\/\/ehox.es\/pt-pt\/wp-json\/wp\/v2\/product\/5361","targetHints":{"allow":["GET"]}}],"collection":[{"href":"https:\/\/ehox.es\/pt-pt\/wp-json\/wp\/v2\/product"}],"about":[{"href":"https:\/\/ehox.es\/pt-pt\/wp-json\/wp\/v2\/types\/product"}],"wp:featuredmedia":[{"embeddable":true,"href":"https:\/\/ehox.es\/pt-pt\/wp-json\/wp\/v2\/media\/4549"}],"wp:attachment":[{"href":"https:\/\/ehox.es\/pt-pt\/wp-json\/wp\/v2\/media?parent=5361"}],"wp:term":[{"taxonomy":"product_brand","embeddable":true,"href":"https:\/\/ehox.es\/pt-pt\/wp-json\/wp\/v2\/product_brand?post=5361"},{"taxonomy":"product_cat","embeddable":true,"href":"https:\/\/ehox.es\/pt-pt\/wp-json\/wp\/v2\/product_cat?post=5361"},{"taxonomy":"product_tag","embeddable":true,"href":"https:\/\/ehox.es\/pt-pt\/wp-json\/wp\/v2\/product_tag?post=5361"}],"curies":[{"name":"wp","href":"https:\/\/api.w.org\/{rel}","templated":true}]}}