{"id":5355,"date":"2026-01-25T17:21:37","date_gmt":"2026-01-25T17:21:37","guid":{"rendered":"https:\/\/ehox.es\/shop\/botao-de-alarme-analogico-rearme-wxcp\/"},"modified":"2026-01-25T17:21:37","modified_gmt":"2026-01-25T17:21:37","slug":"botao-de-alarme-analogico-rearme-wxcp","status":"publish","type":"product","link":"https:\/\/ehox.es\/pt-pt\/shop\/botao-de-alarme-analogico-rearme-wxcp\/","title":{"rendered":"Bot\u00e3o de alarme anal\u00f3gico rearme WXCP"},"content":{"rendered":"<p>Bot\u00e3o de alarme anal\u00f3gico rearm\u00e1vel vermelho com LED e tampa, montagem em superf\u00edcie, certificado CPR EN54-1. Endere\u00e7amento atrav\u00e9s da leitura de c\u00f3digo QR e possui isolador de curto-circuito incorporado. <\/p>\n","protected":false},"excerpt":{"rendered":"Alarme anal\u00f3gico rearm\u00e1vel vermelho com LED e tampa","protected":false},"featured_media":4548,"template":"","meta":[],"product_brand":[],"product_cat":[188,194,232,242],"product_tag":[],"class_list":{"0":"post-5355","1":"product","2":"type-product","3":"status-publish","4":"has-post-thumbnail","6":"product_cat-deteccao-algoritmica","7":"product_cat-deteccao-hibrida","8":"product_cat-botoes-deteccao-hibrida","9":"product_cat-botoes-deteccao-algoritmica","11":"first","12":"instock","13":"shipping-taxable","14":"product-type-simple"},"_links":{"self":[{"href":"https:\/\/ehox.es\/pt-pt\/wp-json\/wp\/v2\/product\/5355","targetHints":{"allow":["GET"]}}],"collection":[{"href":"https:\/\/ehox.es\/pt-pt\/wp-json\/wp\/v2\/product"}],"about":[{"href":"https:\/\/ehox.es\/pt-pt\/wp-json\/wp\/v2\/types\/product"}],"wp:featuredmedia":[{"embeddable":true,"href":"https:\/\/ehox.es\/pt-pt\/wp-json\/wp\/v2\/media\/4548"}],"wp:attachment":[{"href":"https:\/\/ehox.es\/pt-pt\/wp-json\/wp\/v2\/media?parent=5355"}],"wp:term":[{"taxonomy":"product_brand","embeddable":true,"href":"https:\/\/ehox.es\/pt-pt\/wp-json\/wp\/v2\/product_brand?post=5355"},{"taxonomy":"product_cat","embeddable":true,"href":"https:\/\/ehox.es\/pt-pt\/wp-json\/wp\/v2\/product_cat?post=5355"},{"taxonomy":"product_tag","embeddable":true,"href":"https:\/\/ehox.es\/pt-pt\/wp-json\/wp\/v2\/product_tag?post=5355"}],"curies":[{"name":"wp","href":"https:\/\/api.w.org\/{rel}","templated":true}]}}