{"id":5349,"date":"2026-01-25T16:59:11","date_gmt":"2026-01-25T16:59:11","guid":{"rendered":"https:\/\/ehox.es\/shop\/sirene-convencional-interna-wcpsf\/"},"modified":"2026-01-25T16:59:11","modified_gmt":"2026-01-25T16:59:11","slug":"sirene-convencional-interna-wcpsf","status":"publish","type":"product","link":"https:\/\/ehox.es\/pt-pt\/shop\/sirene-convencional-interna-wcpsf\/","title":{"rendered":"Sirene convencional interna WCPSF"},"content":{"rendered":"<p>Sirene convencional de interior \u00f3ptico-ac\u00fastico vermelho, flash branco, 32 tons principais e 32 tons alternativos. N\u00edvel ac\u00fastico de 89db a 105db, 44 x 118 x 106 mm, certificado CPR EN 54-3 e EN 54-23. <\/p>\n","protected":false},"excerpt":{"rendered":"Sirene convencional interna \u00f3ptica ac\u00fastica vermelha, flash branco","protected":false},"featured_media":4546,"template":"","meta":[],"product_brand":[],"product_cat":[200,239],"product_tag":[],"class_list":{"0":"post-5349","1":"product","2":"type-product","3":"status-publish","4":"has-post-thumbnail","6":"product_cat-deteccao-convencional","7":"product_cat-dispositivos-sinalizacao-deteccao-convencional","9":"first","10":"instock","11":"shipping-taxable","12":"product-type-simple"},"_links":{"self":[{"href":"https:\/\/ehox.es\/pt-pt\/wp-json\/wp\/v2\/product\/5349","targetHints":{"allow":["GET"]}}],"collection":[{"href":"https:\/\/ehox.es\/pt-pt\/wp-json\/wp\/v2\/product"}],"about":[{"href":"https:\/\/ehox.es\/pt-pt\/wp-json\/wp\/v2\/types\/product"}],"wp:featuredmedia":[{"embeddable":true,"href":"https:\/\/ehox.es\/pt-pt\/wp-json\/wp\/v2\/media\/4546"}],"wp:attachment":[{"href":"https:\/\/ehox.es\/pt-pt\/wp-json\/wp\/v2\/media?parent=5349"}],"wp:term":[{"taxonomy":"product_brand","embeddable":true,"href":"https:\/\/ehox.es\/pt-pt\/wp-json\/wp\/v2\/product_brand?post=5349"},{"taxonomy":"product_cat","embeddable":true,"href":"https:\/\/ehox.es\/pt-pt\/wp-json\/wp\/v2\/product_cat?post=5349"},{"taxonomy":"product_tag","embeddable":true,"href":"https:\/\/ehox.es\/pt-pt\/wp-json\/wp\/v2\/product_tag?post=5349"}],"curies":[{"name":"wp","href":"https:\/\/api.w.org\/{rel}","templated":true}]}}