{"id":5347,"date":"2026-01-23T14:40:17","date_gmt":"2026-01-23T14:40:17","guid":{"rendered":"https:\/\/ehox.es\/shop\/cartao-para-rede-netcom-t-netcom\/"},"modified":"2026-01-23T14:40:17","modified_gmt":"2026-01-23T14:40:17","slug":"cartao-para-rede-netcom-t-netcom","status":"publish","type":"product","link":"https:\/\/ehox.es\/pt-pt\/shop\/cartao-para-rede-netcom-t-netcom\/","title":{"rendered":"Cart\u00e3o para rede NETCOM T-NETCOM"},"content":{"rendered":"<p>Placa de comunica\u00e7\u00e3o para rede NETCOM\u00ae, permite conectar os pain\u00e9is em anel ou barramento fechado, compat\u00edvel com os pain\u00e9is BX1-4PRO, BX1-7MAX, JN1-4PRO<\/p>\n","protected":false},"excerpt":{"rendered":"Cart\u00e3o para rede NETCOM","protected":false},"featured_media":0,"template":"","meta":[],"product_brand":[],"product_cat":[188,218,238,180],"product_tag":[],"class_list":{"0":"post-5347","1":"product","2":"type-product","3":"status-publish","5":"product_cat-deteccao-algoritmica","6":"product_cat-acessorios-paineis-deteccao-algoritmica","7":"product_cat-acessorios-paineis-deteccao-analogica-de-gases","8":"product_cat-deteccao-analogica-de-gases","10":"first","11":"instock","12":"shipping-taxable","13":"product-type-simple"},"_links":{"self":[{"href":"https:\/\/ehox.es\/pt-pt\/wp-json\/wp\/v2\/product\/5347","targetHints":{"allow":["GET"]}}],"collection":[{"href":"https:\/\/ehox.es\/pt-pt\/wp-json\/wp\/v2\/product"}],"about":[{"href":"https:\/\/ehox.es\/pt-pt\/wp-json\/wp\/v2\/types\/product"}],"wp:attachment":[{"href":"https:\/\/ehox.es\/pt-pt\/wp-json\/wp\/v2\/media?parent=5347"}],"wp:term":[{"taxonomy":"product_brand","embeddable":true,"href":"https:\/\/ehox.es\/pt-pt\/wp-json\/wp\/v2\/product_brand?post=5347"},{"taxonomy":"product_cat","embeddable":true,"href":"https:\/\/ehox.es\/pt-pt\/wp-json\/wp\/v2\/product_cat?post=5347"},{"taxonomy":"product_tag","embeddable":true,"href":"https:\/\/ehox.es\/pt-pt\/wp-json\/wp\/v2\/product_tag?post=5347"}],"curies":[{"name":"wp","href":"https:\/\/api.w.org\/{rel}","templated":true}]}}