{"id":5340,"date":"2026-01-23T14:32:43","date_gmt":"2026-01-23T14:32:43","guid":{"rendered":"https:\/\/ehox.es\/shop\/placa-de-comunicacoes-w4gv\/"},"modified":"2026-01-23T14:32:43","modified_gmt":"2026-01-23T14:32:43","slug":"placa-de-comunicacoes-w4gv","status":"publish","type":"product","link":"https:\/\/ehox.es\/pt-pt\/shop\/placa-de-comunicacoes-w4gv\/","title":{"rendered":"Placa de comunica\u00e7\u00f5es W4GV"},"content":{"rendered":"<p>Placa de comunica\u00e7\u00f5es 4G + voz e dados equipada com microfone e altifalante, protocolo contact ID, compat\u00edvel com todos os pain\u00e9is EHOX. Requer placa de voz e dados Certificado EN54-22 <\/p>\n","protected":false},"excerpt":{"rendered":"Cart\u00e3o de comunica\u00e7\u00f5es 4G + voz e dados","protected":false},"featured_media":4560,"template":"","meta":[],"product_brand":[],"product_cat":[188,238,213,216,218,194,200,180],"product_tag":[],"class_list":{"0":"post-5340","1":"product","2":"type-product","3":"status-publish","4":"has-post-thumbnail","6":"product_cat-deteccao-algoritmica","7":"product_cat-acessorios-paineis-deteccao-analogica-de-gases","8":"product_cat-accesorios-paineis-deteccao-hibrida","9":"product_cat-accesorios-paineis-deteccao-convencional","10":"product_cat-acessorios-paineis-deteccao-algoritmica","11":"product_cat-deteccao-hibrida","12":"product_cat-deteccao-convencional","13":"product_cat-deteccao-analogica-de-gases","15":"first","16":"instock","17":"shipping-taxable","18":"product-type-simple"},"_links":{"self":[{"href":"https:\/\/ehox.es\/pt-pt\/wp-json\/wp\/v2\/product\/5340","targetHints":{"allow":["GET"]}}],"collection":[{"href":"https:\/\/ehox.es\/pt-pt\/wp-json\/wp\/v2\/product"}],"about":[{"href":"https:\/\/ehox.es\/pt-pt\/wp-json\/wp\/v2\/types\/product"}],"wp:featuredmedia":[{"embeddable":true,"href":"https:\/\/ehox.es\/pt-pt\/wp-json\/wp\/v2\/media\/4560"}],"wp:attachment":[{"href":"https:\/\/ehox.es\/pt-pt\/wp-json\/wp\/v2\/media?parent=5340"}],"wp:term":[{"taxonomy":"product_brand","embeddable":true,"href":"https:\/\/ehox.es\/pt-pt\/wp-json\/wp\/v2\/product_brand?post=5340"},{"taxonomy":"product_cat","embeddable":true,"href":"https:\/\/ehox.es\/pt-pt\/wp-json\/wp\/v2\/product_cat?post=5340"},{"taxonomy":"product_tag","embeddable":true,"href":"https:\/\/ehox.es\/pt-pt\/wp-json\/wp\/v2\/product_tag?post=5340"}],"curies":[{"name":"wp","href":"https:\/\/api.w.org\/{rel}","templated":true}]}}