{"id":5322,"date":"2026-01-25T16:56:15","date_gmt":"2026-01-25T16:56:15","guid":{"rendered":"https:\/\/ehox.es\/shop\/conventional-resettable-alarm-push-button-wccp\/"},"modified":"2026-02-25T09:52:45","modified_gmt":"2026-02-25T09:52:45","slug":"conventional-resettable-alarm-push-button-wccp","status":"publish","type":"product","link":"https:\/\/ehox.es\/pt-pt\/shop\/conventional-resettable-alarm-push-button-wccp\/","title":{"rendered":"Bot\u00e3o de alarme convencional rearm\u00e1vel WCCP"},"content":{"rendered":"<p>Bot\u00e3o de alarme convencional reinici\u00e1vel, cor vermelha, com LED e tampa, montagem em superf\u00edcie, certificado CPR EN54-1<\/p>\n","protected":false},"excerpt":{"rendered":"Alarme convencional rearm\u00e1vel vermelho com LED e tampa","protected":false},"featured_media":4551,"template":"","meta":[],"product_brand":[],"product_cat":[194,200,232,233],"product_tag":[],"class_list":{"0":"post-5322","1":"product","2":"type-product","3":"status-publish","4":"has-post-thumbnail","6":"product_cat-deteccao-hibrida","7":"product_cat-deteccao-convencional","8":"product_cat-botoes-deteccao-hibrida","9":"product_cat-botoes-deteccao-convencional","11":"first","12":"instock","13":"shipping-taxable","14":"product-type-simple"},"_links":{"self":[{"href":"https:\/\/ehox.es\/pt-pt\/wp-json\/wp\/v2\/product\/5322","targetHints":{"allow":["GET"]}}],"collection":[{"href":"https:\/\/ehox.es\/pt-pt\/wp-json\/wp\/v2\/product"}],"about":[{"href":"https:\/\/ehox.es\/pt-pt\/wp-json\/wp\/v2\/types\/product"}],"wp:featuredmedia":[{"embeddable":true,"href":"https:\/\/ehox.es\/pt-pt\/wp-json\/wp\/v2\/media\/4551"}],"wp:attachment":[{"href":"https:\/\/ehox.es\/pt-pt\/wp-json\/wp\/v2\/media?parent=5322"}],"wp:term":[{"taxonomy":"product_brand","embeddable":true,"href":"https:\/\/ehox.es\/pt-pt\/wp-json\/wp\/v2\/product_brand?post=5322"},{"taxonomy":"product_cat","embeddable":true,"href":"https:\/\/ehox.es\/pt-pt\/wp-json\/wp\/v2\/product_cat?post=5322"},{"taxonomy":"product_tag","embeddable":true,"href":"https:\/\/ehox.es\/pt-pt\/wp-json\/wp\/v2\/product_tag?post=5322"}],"curies":[{"name":"wp","href":"https:\/\/api.w.org\/{rel}","templated":true}]}}