{"id":5310,"date":"2026-01-26T09:52:37","date_gmt":"2026-01-26T09:52:37","guid":{"rendered":"https:\/\/ehox.es\/shop\/mini-modulo-analogico-com-saida-de-rele-moxo\/"},"modified":"2026-01-26T09:52:37","modified_gmt":"2026-01-26T09:52:37","slug":"mini-modulo-analogico-com-saida-de-rele-moxo","status":"publish","type":"product","link":"https:\/\/ehox.es\/pt-pt\/shop\/mini-modulo-analogico-com-saida-de-rele-moxo\/","title":{"rendered":"Mini m\u00f3dulo anal\u00f3gico com sa\u00edda de rel\u00e9 MOXO"},"content":{"rendered":"<p>Mini m\u00f3dulo anal\u00f3gico com 1 sa\u00edda de rel\u00e9 program\u00e1vel como contacto NA ou NC. Corrente m\u00e1x. 1A. Para instala\u00e7\u00e3o em loop de pain\u00e9is LX e BX. N\u00e3o requer alimenta\u00e7\u00e3o externa. Fornecido com caixa branca. Dimens\u00f5es 40 mm x 40 mm x 20 mm. Endere\u00e7amento atrav\u00e9s da leitura de c\u00f3digo QR e possui isolador de curto-circuito incorporado.      <\/p>\n","protected":false},"excerpt":{"rendered":"Mini m\u00f3dulo anal\u00f3gico com 1 sa\u00edda de rel\u00e9","protected":false},"featured_media":4504,"template":"","meta":[],"product_brand":[],"product_cat":[188,226],"product_tag":[],"class_list":{"0":"post-5310","1":"product","2":"type-product","3":"status-publish","4":"has-post-thumbnail","6":"product_cat-deteccao-algoritmica","7":"product_cat-modulos-deteccao-algoritmica","9":"first","10":"instock","11":"shipping-taxable","12":"product-type-simple"},"_links":{"self":[{"href":"https:\/\/ehox.es\/pt-pt\/wp-json\/wp\/v2\/product\/5310","targetHints":{"allow":["GET"]}}],"collection":[{"href":"https:\/\/ehox.es\/pt-pt\/wp-json\/wp\/v2\/product"}],"about":[{"href":"https:\/\/ehox.es\/pt-pt\/wp-json\/wp\/v2\/types\/product"}],"wp:featuredmedia":[{"embeddable":true,"href":"https:\/\/ehox.es\/pt-pt\/wp-json\/wp\/v2\/media\/4504"}],"wp:attachment":[{"href":"https:\/\/ehox.es\/pt-pt\/wp-json\/wp\/v2\/media?parent=5310"}],"wp:term":[{"taxonomy":"product_brand","embeddable":true,"href":"https:\/\/ehox.es\/pt-pt\/wp-json\/wp\/v2\/product_brand?post=5310"},{"taxonomy":"product_cat","embeddable":true,"href":"https:\/\/ehox.es\/pt-pt\/wp-json\/wp\/v2\/product_cat?post=5310"},{"taxonomy":"product_tag","embeddable":true,"href":"https:\/\/ehox.es\/pt-pt\/wp-json\/wp\/v2\/product_tag?post=5310"}],"curies":[{"name":"wp","href":"https:\/\/api.w.org\/{rel}","templated":true}]}}