{"id":5304,"date":"2026-01-26T09:51:33","date_gmt":"2026-01-26T09:51:33","guid":{"rendered":"https:\/\/ehox.es\/shop\/mini-modulo-analogico-1e-moxi\/"},"modified":"2026-02-24T13:52:31","modified_gmt":"2026-02-24T13:52:31","slug":"mini-modulo-analogico-1e-moxi","status":"publish","type":"product","link":"https:\/\/ehox.es\/pt-pt\/shop\/mini-modulo-analogico-1e-moxi\/","title":{"rendered":"Mini m\u00f3dulo anal\u00f3gico 1E MOXI"},"content":{"rendered":"<p>Mini m\u00f3dulo anal\u00f3gico com 1 entrada program\u00e1vel para recep\u00e7\u00e3o de sinais t\u00e9cnicos a partir de contacto NA ou NC. Para instala\u00e7\u00e3o em pain\u00e9is LX e BX. N\u00e3o requer alimenta\u00e7\u00e3o externa. Fornecido com caixa branca. Dimens\u00f5es 40 mm x 40 mm x 20 mm. Endere\u00e7amento atrav\u00e9s da leitura de c\u00f3digo QR e isolador de curto-circuito incorporado.     <\/p>\n","protected":false},"excerpt":{"rendered":"Mini m\u00f3dulo anal\u00f3gico com 1 entrada t\u00e9cnica","protected":false},"featured_media":4503,"template":"","meta":[],"product_brand":[],"product_cat":[188,226],"product_tag":[],"class_list":{"0":"post-5304","1":"product","2":"type-product","3":"status-publish","4":"has-post-thumbnail","6":"product_cat-deteccao-algoritmica","7":"product_cat-modulos-deteccao-algoritmica","9":"first","10":"instock","11":"shipping-taxable","12":"product-type-simple"},"_links":{"self":[{"href":"https:\/\/ehox.es\/pt-pt\/wp-json\/wp\/v2\/product\/5304","targetHints":{"allow":["GET"]}}],"collection":[{"href":"https:\/\/ehox.es\/pt-pt\/wp-json\/wp\/v2\/product"}],"about":[{"href":"https:\/\/ehox.es\/pt-pt\/wp-json\/wp\/v2\/types\/product"}],"wp:featuredmedia":[{"embeddable":true,"href":"https:\/\/ehox.es\/pt-pt\/wp-json\/wp\/v2\/media\/4503"}],"wp:attachment":[{"href":"https:\/\/ehox.es\/pt-pt\/wp-json\/wp\/v2\/media?parent=5304"}],"wp:term":[{"taxonomy":"product_brand","embeddable":true,"href":"https:\/\/ehox.es\/pt-pt\/wp-json\/wp\/v2\/product_brand?post=5304"},{"taxonomy":"product_cat","embeddable":true,"href":"https:\/\/ehox.es\/pt-pt\/wp-json\/wp\/v2\/product_cat?post=5304"},{"taxonomy":"product_tag","embeddable":true,"href":"https:\/\/ehox.es\/pt-pt\/wp-json\/wp\/v2\/product_tag?post=5304"}],"curies":[{"name":"wp","href":"https:\/\/api.w.org\/{rel}","templated":true}]}}