{"id":5298,"date":"2026-01-26T09:49:58","date_gmt":"2026-01-26T09:49:58","guid":{"rendered":"https:\/\/ehox.es\/shop\/mini-modulo-conversor-zmcp\/"},"modified":"2026-01-26T09:49:58","modified_gmt":"2026-01-26T09:49:58","slug":"mini-modulo-conversor-zmcp","status":"publish","type":"product","link":"https:\/\/ehox.es\/pt-pt\/shop\/mini-modulo-conversor-zmcp\/","title":{"rendered":"Mini m\u00f3dulo conversor ZMCP"},"content":{"rendered":"<p>Mini m\u00f3dulo conversor de bot\u00e3o convencional para anal\u00f3gico. Para instala\u00e7\u00e3o na zona ou circuito de pain\u00e9is ZX. N\u00e3o requer alimenta\u00e7\u00e3o externa. Fornecido com caixa branca. Dimens\u00f5es 40 mm x 40 mm x 20 mm.    <\/p>\n","protected":false},"excerpt":{"rendered":"Mini m\u00f3dulo conversor de bot\u00e3o convencional para anal\u00f3gico.","protected":false},"featured_media":4527,"template":"","meta":[],"product_brand":[],"product_cat":[194,229],"product_tag":[],"class_list":{"0":"post-5298","1":"product","2":"type-product","3":"status-publish","4":"has-post-thumbnail","6":"product_cat-deteccao-hibrida","7":"product_cat-modulos-deteccao-hibrida","9":"first","10":"instock","11":"shipping-taxable","12":"product-type-simple"},"_links":{"self":[{"href":"https:\/\/ehox.es\/pt-pt\/wp-json\/wp\/v2\/product\/5298","targetHints":{"allow":["GET"]}}],"collection":[{"href":"https:\/\/ehox.es\/pt-pt\/wp-json\/wp\/v2\/product"}],"about":[{"href":"https:\/\/ehox.es\/pt-pt\/wp-json\/wp\/v2\/types\/product"}],"wp:featuredmedia":[{"embeddable":true,"href":"https:\/\/ehox.es\/pt-pt\/wp-json\/wp\/v2\/media\/4527"}],"wp:attachment":[{"href":"https:\/\/ehox.es\/pt-pt\/wp-json\/wp\/v2\/media?parent=5298"}],"wp:term":[{"taxonomy":"product_brand","embeddable":true,"href":"https:\/\/ehox.es\/pt-pt\/wp-json\/wp\/v2\/product_brand?post=5298"},{"taxonomy":"product_cat","embeddable":true,"href":"https:\/\/ehox.es\/pt-pt\/wp-json\/wp\/v2\/product_cat?post=5298"},{"taxonomy":"product_tag","embeddable":true,"href":"https:\/\/ehox.es\/pt-pt\/wp-json\/wp\/v2\/product_tag?post=5298"}],"curies":[{"name":"wp","href":"https:\/\/api.w.org\/{rel}","templated":true}]}}