{"id":5292,"date":"2026-01-26T09:46:38","date_gmt":"2026-01-26T09:46:38","guid":{"rendered":"https:\/\/ehox.es\/shop\/mini-modulo-convencional-saida-rele-zmo\/"},"modified":"2026-01-26T09:46:38","modified_gmt":"2026-01-26T09:46:38","slug":"mini-modulo-convencional-saida-rele-zmo","status":"publish","type":"product","link":"https:\/\/ehox.es\/pt-pt\/shop\/mini-modulo-convencional-saida-rele-zmo\/","title":{"rendered":"Mini m\u00f3dulo convencional sa\u00edda rel\u00e9 ZMO"},"content":{"rendered":"<p>Mini m\u00f3dulo convencional com 1 sa\u00edda de rel\u00e9 program\u00e1vel como contacto NA ou NC. Corrente m\u00e1x. 1A. Para instala\u00e7\u00e3o em zona ou circuito de pain\u00e9is ZX. N\u00e3o requer alimenta\u00e7\u00e3o externa. Fornecido com caixa branca. Dimens\u00f5es 40 mm x 40 mm x 20 mm.     <\/p>\n","protected":false},"excerpt":{"rendered":"Mini m\u00f3dulo convencional com 1 sa\u00edda de rel\u00e9","protected":false},"featured_media":4528,"template":"","meta":[],"product_brand":[],"product_cat":[194,229],"product_tag":[],"class_list":{"0":"post-5292","1":"product","2":"type-product","3":"status-publish","4":"has-post-thumbnail","6":"product_cat-deteccao-hibrida","7":"product_cat-modulos-deteccao-hibrida","9":"first","10":"instock","11":"shipping-taxable","12":"product-type-simple"},"_links":{"self":[{"href":"https:\/\/ehox.es\/pt-pt\/wp-json\/wp\/v2\/product\/5292","targetHints":{"allow":["GET"]}}],"collection":[{"href":"https:\/\/ehox.es\/pt-pt\/wp-json\/wp\/v2\/product"}],"about":[{"href":"https:\/\/ehox.es\/pt-pt\/wp-json\/wp\/v2\/types\/product"}],"wp:featuredmedia":[{"embeddable":true,"href":"https:\/\/ehox.es\/pt-pt\/wp-json\/wp\/v2\/media\/4528"}],"wp:attachment":[{"href":"https:\/\/ehox.es\/pt-pt\/wp-json\/wp\/v2\/media?parent=5292"}],"wp:term":[{"taxonomy":"product_brand","embeddable":true,"href":"https:\/\/ehox.es\/pt-pt\/wp-json\/wp\/v2\/product_brand?post=5292"},{"taxonomy":"product_cat","embeddable":true,"href":"https:\/\/ehox.es\/pt-pt\/wp-json\/wp\/v2\/product_cat?post=5292"},{"taxonomy":"product_tag","embeddable":true,"href":"https:\/\/ehox.es\/pt-pt\/wp-json\/wp\/v2\/product_tag?post=5292"}],"curies":[{"name":"wp","href":"https:\/\/api.w.org\/{rel}","templated":true}]}}