{"id":5270,"date":"2026-01-26T09:56:40","date_gmt":"2026-01-26T09:56:40","guid":{"rendered":"https:\/\/ehox.es\/shop\/modulo-analogico-3-i-o-mdx3io\/"},"modified":"2026-01-26T09:56:40","modified_gmt":"2026-01-26T09:56:40","slug":"modulo-analogico-3-i-o-mdx3io","status":"publish","type":"product","link":"https:\/\/ehox.es\/pt-pt\/shop\/modulo-analogico-3-i-o-mdx3io\/","title":{"rendered":"M\u00f3dulo anal\u00f3gico 3 I\/O MDX3IO"},"content":{"rendered":"<p>M\u00f3dulo anal\u00f3gico de 3 contactos program\u00e1veis como entradas para rece\u00e7\u00e3o de sinais t\u00e9cnicos a partir de contacto NA ou NC ou sa\u00eddas de rel\u00e9 program\u00e1veis como contacto NA ou NC. Corrente m\u00e1x. 1A por contacto. Para instala\u00e7\u00e3o em loop de pain\u00e9is LX e BX. Ocupa 3 endere\u00e7os no loop. N\u00e3o requer alimenta\u00e7\u00e3o externa.    <\/p>\n<p>Fornecido com caixa branca. Dimens\u00f5es 150 mm x 110 mm x 46 mm. Endere\u00e7amento atrav\u00e9s da leitura de c\u00f3digo QR, ocupa 3 endere\u00e7os no loop e possui isolador de curto-circuito incorporado.  <\/p>\n","protected":false},"excerpt":{"rendered":"M\u00f3dulo anal\u00f3gico com 3 entradas t\u00e9cnicas ou 3 sa\u00eddas de rel\u00e9","protected":false},"featured_media":4525,"template":"","meta":[],"product_brand":[],"product_cat":[188,226],"product_tag":[],"class_list":{"0":"post-5270","1":"product","2":"type-product","3":"status-publish","4":"has-post-thumbnail","6":"product_cat-deteccao-algoritmica","7":"product_cat-modulos-deteccao-algoritmica","9":"first","10":"instock","11":"shipping-taxable","12":"product-type-simple"},"_links":{"self":[{"href":"https:\/\/ehox.es\/pt-pt\/wp-json\/wp\/v2\/product\/5270","targetHints":{"allow":["GET"]}}],"collection":[{"href":"https:\/\/ehox.es\/pt-pt\/wp-json\/wp\/v2\/product"}],"about":[{"href":"https:\/\/ehox.es\/pt-pt\/wp-json\/wp\/v2\/types\/product"}],"wp:featuredmedia":[{"embeddable":true,"href":"https:\/\/ehox.es\/pt-pt\/wp-json\/wp\/v2\/media\/4525"}],"wp:attachment":[{"href":"https:\/\/ehox.es\/pt-pt\/wp-json\/wp\/v2\/media?parent=5270"}],"wp:term":[{"taxonomy":"product_brand","embeddable":true,"href":"https:\/\/ehox.es\/pt-pt\/wp-json\/wp\/v2\/product_brand?post=5270"},{"taxonomy":"product_cat","embeddable":true,"href":"https:\/\/ehox.es\/pt-pt\/wp-json\/wp\/v2\/product_cat?post=5270"},{"taxonomy":"product_tag","embeddable":true,"href":"https:\/\/ehox.es\/pt-pt\/wp-json\/wp\/v2\/product_tag?post=5270"}],"curies":[{"name":"wp","href":"https:\/\/api.w.org\/{rel}","templated":true}]}}