{"id":5206,"date":"2026-02-13T11:31:08","date_gmt":"2026-02-13T11:31:08","guid":{"rendered":"https:\/\/ehox.es\/shop\/detetor-de-monoxido-analogico-jnc\/"},"modified":"2026-02-13T11:31:08","modified_gmt":"2026-02-13T11:31:08","slug":"detetor-de-monoxido-analogico-jnc","status":"publish","type":"product","link":"https:\/\/ehox.es\/pt-pt\/shop\/detetor-de-monoxido-analogico-jnc\/","title":{"rendered":"Detetor de mon\u00f3xido anal\u00f3gico JNC"},"content":{"rendered":"<p>Detetor de mon\u00f3xido anal\u00f3gico por sonda eletroqu\u00edmica. Dimens\u00f5es 100 mm \u00d8 x 38 mm. Certificado XXX. Endere\u00e7amento por leitura de c\u00f3digo QR. Vida \u00fatil 10 anos. Inclui base alta para entrada de tubo de 20 mm na cor preta (Ref. BSAN).     <\/p>\n","protected":false},"excerpt":{"rendered":"Detetor de mon\u00f3xido anal\u00f3gico por sonda eletroqu\u00edmica.","protected":false},"featured_media":4767,"template":"","meta":[],"product_brand":[],"product_cat":[223,180],"product_tag":[],"class_list":{"0":"post-5206","1":"product","2":"type-product","3":"status-publish","4":"has-post-thumbnail","6":"product_cat-detetores-deteccao-analogica-de-gases","7":"product_cat-deteccao-analogica-de-gases","9":"first","10":"instock","11":"shipping-taxable","12":"product-type-simple"},"_links":{"self":[{"href":"https:\/\/ehox.es\/pt-pt\/wp-json\/wp\/v2\/product\/5206","targetHints":{"allow":["GET"]}}],"collection":[{"href":"https:\/\/ehox.es\/pt-pt\/wp-json\/wp\/v2\/product"}],"about":[{"href":"https:\/\/ehox.es\/pt-pt\/wp-json\/wp\/v2\/types\/product"}],"wp:featuredmedia":[{"embeddable":true,"href":"https:\/\/ehox.es\/pt-pt\/wp-json\/wp\/v2\/media\/4767"}],"wp:attachment":[{"href":"https:\/\/ehox.es\/pt-pt\/wp-json\/wp\/v2\/media?parent=5206"}],"wp:term":[{"taxonomy":"product_brand","embeddable":true,"href":"https:\/\/ehox.es\/pt-pt\/wp-json\/wp\/v2\/product_brand?post=5206"},{"taxonomy":"product_cat","embeddable":true,"href":"https:\/\/ehox.es\/pt-pt\/wp-json\/wp\/v2\/product_cat?post=5206"},{"taxonomy":"product_tag","embeddable":true,"href":"https:\/\/ehox.es\/pt-pt\/wp-json\/wp\/v2\/product_tag?post=5206"}],"curies":[{"name":"wp","href":"https:\/\/api.w.org\/{rel}","templated":true}]}}