{"id":5200,"date":"2026-02-13T11:47:12","date_gmt":"2026-02-13T11:47:12","guid":{"rendered":"https:\/\/ehox.es\/shop\/detector-de-dioxido-de-azoto-analogico-jnd\/"},"modified":"2026-02-13T11:47:12","modified_gmt":"2026-02-13T11:47:12","slug":"detector-de-dioxido-de-azoto-analogico-jnd","status":"publish","type":"product","link":"https:\/\/ehox.es\/pt-pt\/shop\/detector-de-dioxido-de-azoto-analogico-jnd\/","title":{"rendered":"Detector de di\u00f3xido de azoto anal\u00f3gico JND"},"content":{"rendered":"<p>Detector de di\u00f3xido de azoto anal\u00f3gico por sonda eletroqu\u00edmica. Dimens\u00f5es 100 mm \u00d8 x 38 mm. Certificado XXX. Endere\u00e7amento atrav\u00e9s de leitura de c\u00f3digo QR. Ciclo de vida 10 anos. Inclui base alta para entrada de tubo de 20 mm cor preta (Ref. BSAN).<\/p>\n","protected":false},"excerpt":{"rendered":"Detector de di\u00f3xido de azoto anal\u00f3gico por sonda eletroqu\u00edmica","protected":false},"featured_media":4763,"template":"","meta":[],"product_brand":[],"product_cat":[223,180],"product_tag":[],"class_list":{"0":"post-5200","1":"product","2":"type-product","3":"status-publish","4":"has-post-thumbnail","6":"product_cat-detetores-deteccao-analogica-de-gases","7":"product_cat-deteccao-analogica-de-gases","9":"first","10":"instock","11":"shipping-taxable","12":"product-type-simple"},"_links":{"self":[{"href":"https:\/\/ehox.es\/pt-pt\/wp-json\/wp\/v2\/product\/5200","targetHints":{"allow":["GET"]}}],"collection":[{"href":"https:\/\/ehox.es\/pt-pt\/wp-json\/wp\/v2\/product"}],"about":[{"href":"https:\/\/ehox.es\/pt-pt\/wp-json\/wp\/v2\/types\/product"}],"wp:featuredmedia":[{"embeddable":true,"href":"https:\/\/ehox.es\/pt-pt\/wp-json\/wp\/v2\/media\/4763"}],"wp:attachment":[{"href":"https:\/\/ehox.es\/pt-pt\/wp-json\/wp\/v2\/media?parent=5200"}],"wp:term":[{"taxonomy":"product_brand","embeddable":true,"href":"https:\/\/ehox.es\/pt-pt\/wp-json\/wp\/v2\/product_brand?post=5200"},{"taxonomy":"product_cat","embeddable":true,"href":"https:\/\/ehox.es\/pt-pt\/wp-json\/wp\/v2\/product_cat?post=5200"},{"taxonomy":"product_tag","embeddable":true,"href":"https:\/\/ehox.es\/pt-pt\/wp-json\/wp\/v2\/product_tag?post=5200"}],"curies":[{"name":"wp","href":"https:\/\/api.w.org\/{rel}","templated":true}]}}