{"id":5190,"date":"2026-02-13T11:53:47","date_gmt":"2026-02-13T11:53:47","guid":{"rendered":"https:\/\/ehox.es\/shop\/detetor-de-monoxido-e-dioxido-de-nitrogenio-analogico-jndual\/"},"modified":"2026-02-13T11:53:47","modified_gmt":"2026-02-13T11:53:47","slug":"detetor-de-monoxido-e-dioxido-de-nitrogenio-analogico-jndual","status":"publish","type":"product","link":"https:\/\/ehox.es\/pt-pt\/shop\/detetor-de-monoxido-e-dioxido-de-nitrogenio-analogico-jndual\/","title":{"rendered":"Detetor de mon\u00f3xido e di\u00f3xido de nitrog\u00e9nio anal\u00f3gico JNDUAL"},"content":{"rendered":"<p>Detetor dual de mon\u00f3xido e di\u00f3xido de nitrog\u00e9nio anal\u00f3gico por sonda eletroqu\u00edmica. Requer base padr\u00e3o (Ref. BS) ou base alta para tubo exposto (Ref.BSA). Dimens\u00f5es: 150 mm x 110 mm x 46 mm. Certificado XXX. Endere\u00e7amento por leitura de c\u00f3digo QR. Ciclo de vida: 10 anos.     <\/p>\n","protected":false},"excerpt":{"rendered":"Detetor dual de mon\u00f3xido e di\u00f3xido de nitrog\u00e9nio anal\u00f3gico por sonda eletroqu\u00edmica.","protected":false},"featured_media":4768,"template":"","meta":[],"product_brand":[],"product_cat":[223,180],"product_tag":[],"class_list":{"0":"post-5190","1":"product","2":"type-product","3":"status-publish","4":"has-post-thumbnail","6":"product_cat-detetores-deteccao-analogica-de-gases","7":"product_cat-deteccao-analogica-de-gases","9":"first","10":"instock","11":"shipping-taxable","12":"product-type-simple"},"_links":{"self":[{"href":"https:\/\/ehox.es\/pt-pt\/wp-json\/wp\/v2\/product\/5190","targetHints":{"allow":["GET"]}}],"collection":[{"href":"https:\/\/ehox.es\/pt-pt\/wp-json\/wp\/v2\/product"}],"about":[{"href":"https:\/\/ehox.es\/pt-pt\/wp-json\/wp\/v2\/types\/product"}],"wp:featuredmedia":[{"embeddable":true,"href":"https:\/\/ehox.es\/pt-pt\/wp-json\/wp\/v2\/media\/4768"}],"wp:attachment":[{"href":"https:\/\/ehox.es\/pt-pt\/wp-json\/wp\/v2\/media?parent=5190"}],"wp:term":[{"taxonomy":"product_brand","embeddable":true,"href":"https:\/\/ehox.es\/pt-pt\/wp-json\/wp\/v2\/product_brand?post=5190"},{"taxonomy":"product_cat","embeddable":true,"href":"https:\/\/ehox.es\/pt-pt\/wp-json\/wp\/v2\/product_cat?post=5190"},{"taxonomy":"product_tag","embeddable":true,"href":"https:\/\/ehox.es\/pt-pt\/wp-json\/wp\/v2\/product_tag?post=5190"}],"curies":[{"name":"wp","href":"https:\/\/api.w.org\/{rel}","templated":true}]}}