{"id":5177,"date":"2026-02-13T12:02:29","date_gmt":"2026-02-13T12:02:29","guid":{"rendered":"https:\/\/ehox.es\/shop\/modulo-de-4-saidas-de-rele-para-gases-jnr4\/"},"modified":"2026-02-13T12:02:29","modified_gmt":"2026-02-13T12:02:29","slug":"modulo-de-4-saidas-de-rele-para-gases-jnr4","status":"publish","type":"product","link":"https:\/\/ehox.es\/pt-pt\/shop\/modulo-de-4-saidas-de-rele-para-gases-jnr4\/","title":{"rendered":"M\u00f3dulo de 4 sa\u00eddas de rel\u00e9 para gases JNR4"},"content":{"rendered":"<p>M\u00f3dulo de 4 sa\u00eddas de rel\u00e9s de alarme e pr\u00e9-alarme para dete\u00e7\u00e3o de CO e NO2 para instala\u00e7\u00e3o em la\u00e7o, n\u00e3o requer alimenta\u00e7\u00e3o externa. Dimens\u00f5es 150 mm x 110 mm x 46 mm. Certificado XXX. Endere\u00e7amento atrav\u00e9s de leitura de c\u00f3digo QR.   <\/p>\n","protected":false},"excerpt":{"rendered":"M\u00f3dulo de 4 sa\u00eddas de rel\u00e9s de alarme e pr\u00e9-alarme para dete\u00e7\u00e3o de CO e N","protected":false},"featured_media":4772,"template":"","meta":[],"product_brand":[],"product_cat":[180,219],"product_tag":[],"class_list":{"0":"post-5177","1":"product","2":"type-product","3":"status-publish","4":"has-post-thumbnail","6":"product_cat-deteccao-analogica-de-gases","7":"product_cat-modulos-deteccao-analogica-de-gases","9":"first","10":"instock","11":"shipping-taxable","12":"product-type-simple"},"_links":{"self":[{"href":"https:\/\/ehox.es\/pt-pt\/wp-json\/wp\/v2\/product\/5177","targetHints":{"allow":["GET"]}}],"collection":[{"href":"https:\/\/ehox.es\/pt-pt\/wp-json\/wp\/v2\/product"}],"about":[{"href":"https:\/\/ehox.es\/pt-pt\/wp-json\/wp\/v2\/types\/product"}],"wp:featuredmedia":[{"embeddable":true,"href":"https:\/\/ehox.es\/pt-pt\/wp-json\/wp\/v2\/media\/4772"}],"wp:attachment":[{"href":"https:\/\/ehox.es\/pt-pt\/wp-json\/wp\/v2\/media?parent=5177"}],"wp:term":[{"taxonomy":"product_brand","embeddable":true,"href":"https:\/\/ehox.es\/pt-pt\/wp-json\/wp\/v2\/product_brand?post=5177"},{"taxonomy":"product_cat","embeddable":true,"href":"https:\/\/ehox.es\/pt-pt\/wp-json\/wp\/v2\/product_cat?post=5177"},{"taxonomy":"product_tag","embeddable":true,"href":"https:\/\/ehox.es\/pt-pt\/wp-json\/wp\/v2\/product_tag?post=5177"}],"curies":[{"name":"wp","href":"https:\/\/api.w.org\/{rel}","templated":true}]}}