{"id":5175,"date":"2026-01-23T13:59:14","date_gmt":"2026-01-23T13:59:14","guid":{"rendered":"https:\/\/ehox.es\/shop\/placa-de-expansao-1-laco-gases-tljn\/"},"modified":"2026-01-23T13:59:14","modified_gmt":"2026-01-23T13:59:14","slug":"placa-de-expansao-1-laco-gases-tljn","status":"publish","type":"product","link":"https:\/\/ehox.es\/pt-pt\/shop\/placa-de-expansao-1-laco-gases-tljn\/","title":{"rendered":"Placa de expans\u00e3o 1 la\u00e7o gases TLJN"},"content":{"rendered":"<p>Placa de expans\u00e3o de 1 la\u00e7o de dete\u00e7\u00e3o de CO e NO2 com capacidade para 250 dispositivos por la\u00e7o. Compat\u00edvel com Painel JN1-4PRO <\/p>\n","protected":false},"excerpt":{"rendered":"Placa de expans\u00e3o 1 la\u00e7o de dete\u00e7\u00e3o de CO e NO2","protected":false},"featured_media":4568,"template":"","meta":[],"product_brand":[],"product_cat":[180],"product_tag":[],"class_list":{"0":"post-5175","1":"product","2":"type-product","3":"status-publish","4":"has-post-thumbnail","6":"product_cat-deteccao-analogica-de-gases","8":"first","9":"instock","10":"shipping-taxable","11":"product-type-simple"},"_links":{"self":[{"href":"https:\/\/ehox.es\/pt-pt\/wp-json\/wp\/v2\/product\/5175","targetHints":{"allow":["GET"]}}],"collection":[{"href":"https:\/\/ehox.es\/pt-pt\/wp-json\/wp\/v2\/product"}],"about":[{"href":"https:\/\/ehox.es\/pt-pt\/wp-json\/wp\/v2\/types\/product"}],"wp:featuredmedia":[{"embeddable":true,"href":"https:\/\/ehox.es\/pt-pt\/wp-json\/wp\/v2\/media\/4568"}],"wp:attachment":[{"href":"https:\/\/ehox.es\/pt-pt\/wp-json\/wp\/v2\/media?parent=5175"}],"wp:term":[{"taxonomy":"product_brand","embeddable":true,"href":"https:\/\/ehox.es\/pt-pt\/wp-json\/wp\/v2\/product_brand?post=5175"},{"taxonomy":"product_cat","embeddable":true,"href":"https:\/\/ehox.es\/pt-pt\/wp-json\/wp\/v2\/product_cat?post=5175"},{"taxonomy":"product_tag","embeddable":true,"href":"https:\/\/ehox.es\/pt-pt\/wp-json\/wp\/v2\/product_tag?post=5175"}],"curies":[{"name":"wp","href":"https:\/\/api.w.org\/{rel}","templated":true}]}}