{"id":5168,"date":"2026-01-23T13:55:10","date_gmt":"2026-01-23T13:55:10","guid":{"rendered":"https:\/\/ehox.es\/shop\/placa-de-expansao-1-loop-algoritmica-tlbx\/"},"modified":"2026-01-23T13:55:10","modified_gmt":"2026-01-23T13:55:10","slug":"placa-de-expansao-1-loop-algoritmica-tlbx","status":"publish","type":"product","link":"https:\/\/ehox.es\/pt-pt\/shop\/placa-de-expansao-1-loop-algoritmica-tlbx\/","title":{"rendered":"Placa de expans\u00e3o 1 loop algor\u00edtmica TLBX"},"content":{"rendered":"<p>Placa de expans\u00e3o de 1 loop de dete\u00e7\u00e3o algor\u00edtmica com capacidade para 350 dispositivos por loop. Compat\u00edvel com Pain\u00e9is BX1-4PRO e BX1-7PRO. <\/p>\n","protected":false},"excerpt":{"rendered":"Placa de expans\u00e3o 1 loop de dete\u00e7\u00e3o algor\u00edtmica","protected":false},"featured_media":4570,"template":"","meta":[],"product_brand":[],"product_cat":[188,218],"product_tag":[],"class_list":{"0":"post-5168","1":"product","2":"type-product","3":"status-publish","4":"has-post-thumbnail","6":"product_cat-deteccao-algoritmica","7":"product_cat-acessorios-paineis-deteccao-algoritmica","9":"first","10":"instock","11":"shipping-taxable","12":"product-type-simple"},"_links":{"self":[{"href":"https:\/\/ehox.es\/pt-pt\/wp-json\/wp\/v2\/product\/5168","targetHints":{"allow":["GET"]}}],"collection":[{"href":"https:\/\/ehox.es\/pt-pt\/wp-json\/wp\/v2\/product"}],"about":[{"href":"https:\/\/ehox.es\/pt-pt\/wp-json\/wp\/v2\/types\/product"}],"wp:featuredmedia":[{"embeddable":true,"href":"https:\/\/ehox.es\/pt-pt\/wp-json\/wp\/v2\/media\/4570"}],"wp:attachment":[{"href":"https:\/\/ehox.es\/pt-pt\/wp-json\/wp\/v2\/media?parent=5168"}],"wp:term":[{"taxonomy":"product_brand","embeddable":true,"href":"https:\/\/ehox.es\/pt-pt\/wp-json\/wp\/v2\/product_brand?post=5168"},{"taxonomy":"product_cat","embeddable":true,"href":"https:\/\/ehox.es\/pt-pt\/wp-json\/wp\/v2\/product_cat?post=5168"},{"taxonomy":"product_tag","embeddable":true,"href":"https:\/\/ehox.es\/pt-pt\/wp-json\/wp\/v2\/product_tag?post=5168"}],"curies":[{"name":"wp","href":"https:\/\/api.w.org\/{rel}","templated":true}]}}