{"id":5163,"date":"2026-01-23T13:37:17","date_gmt":"2026-01-23T13:37:17","guid":{"rendered":"https:\/\/ehox.es\/shop\/placa-de-expansao-4-zonas-convencional-tlcx\/"},"modified":"2026-01-23T13:37:17","modified_gmt":"2026-01-23T13:37:17","slug":"placa-de-expansao-4-zonas-convencional-tlcx","status":"publish","type":"product","link":"https:\/\/ehox.es\/pt-pt\/shop\/placa-de-expansao-4-zonas-convencional-tlcx\/","title":{"rendered":"Placa de expans\u00e3o 4 zonas convencional TLCX"},"content":{"rendered":"<p>Placa de expans\u00e3o de 4 zonas de dete\u00e7\u00e3o convencional com capacidade para 32 dispositivos por zona. Compat\u00edvel com o Painel CX12-16PRO. <\/p>\n","protected":false},"excerpt":{"rendered":"Placa de expans\u00e3o 4 zonas de dete\u00e7\u00e3o convencional","protected":false},"featured_media":4572,"template":"","meta":[],"product_brand":[],"product_cat":[216,200],"product_tag":[],"class_list":{"0":"post-5163","1":"product","2":"type-product","3":"status-publish","4":"has-post-thumbnail","6":"product_cat-accesorios-paineis-deteccao-convencional","7":"product_cat-deteccao-convencional","9":"first","10":"instock","11":"shipping-taxable","12":"product-type-simple"},"_links":{"self":[{"href":"https:\/\/ehox.es\/pt-pt\/wp-json\/wp\/v2\/product\/5163","targetHints":{"allow":["GET"]}}],"collection":[{"href":"https:\/\/ehox.es\/pt-pt\/wp-json\/wp\/v2\/product"}],"about":[{"href":"https:\/\/ehox.es\/pt-pt\/wp-json\/wp\/v2\/types\/product"}],"wp:featuredmedia":[{"embeddable":true,"href":"https:\/\/ehox.es\/pt-pt\/wp-json\/wp\/v2\/media\/4572"}],"wp:attachment":[{"href":"https:\/\/ehox.es\/pt-pt\/wp-json\/wp\/v2\/media?parent=5163"}],"wp:term":[{"taxonomy":"product_brand","embeddable":true,"href":"https:\/\/ehox.es\/pt-pt\/wp-json\/wp\/v2\/product_brand?post=5163"},{"taxonomy":"product_cat","embeddable":true,"href":"https:\/\/ehox.es\/pt-pt\/wp-json\/wp\/v2\/product_cat?post=5163"},{"taxonomy":"product_tag","embeddable":true,"href":"https:\/\/ehox.es\/pt-pt\/wp-json\/wp\/v2\/product_tag?post=5163"}],"curies":[{"name":"wp","href":"https:\/\/api.w.org\/{rel}","templated":true}]}}