{"id":5157,"date":"2026-01-23T13:52:08","date_gmt":"2026-01-23T13:52:08","guid":{"rendered":"https:\/\/ehox.es\/shop\/placa-de-expansao-4-zonas-hibrida-tlzx\/"},"modified":"2026-01-23T13:52:08","modified_gmt":"2026-01-23T13:52:08","slug":"placa-de-expansao-4-zonas-hibrida-tlzx","status":"publish","type":"product","link":"https:\/\/ehox.es\/pt-pt\/shop\/placa-de-expansao-4-zonas-hibrida-tlzx\/","title":{"rendered":"Placa de expans\u00e3o 4 zonas h\u00edbrida TLZX"},"content":{"rendered":"<p>Placa de expans\u00e3o de 4 zonas com capacidade para 32 dispositivos por zona ou 2 la\u00e7os de 64 dispositivos por la\u00e7o de dete\u00e7\u00e3o h\u00edbrida. Compat\u00edvel com Painel ZX12-16PRO. <\/p>\n","protected":false},"excerpt":{"rendered":"Placa de expans\u00e3o 4 zonas de dete\u00e7\u00e3o h\u00edbrida","protected":false},"featured_media":4571,"template":"","meta":[],"product_brand":[],"product_cat":[213,194],"product_tag":[],"class_list":{"0":"post-5157","1":"product","2":"type-product","3":"status-publish","4":"has-post-thumbnail","6":"product_cat-accesorios-paineis-deteccao-hibrida","7":"product_cat-deteccao-hibrida","9":"first","10":"instock","11":"shipping-taxable","12":"product-type-simple"},"_links":{"self":[{"href":"https:\/\/ehox.es\/pt-pt\/wp-json\/wp\/v2\/product\/5157","targetHints":{"allow":["GET"]}}],"collection":[{"href":"https:\/\/ehox.es\/pt-pt\/wp-json\/wp\/v2\/product"}],"about":[{"href":"https:\/\/ehox.es\/pt-pt\/wp-json\/wp\/v2\/types\/product"}],"wp:featuredmedia":[{"embeddable":true,"href":"https:\/\/ehox.es\/pt-pt\/wp-json\/wp\/v2\/media\/4571"}],"wp:attachment":[{"href":"https:\/\/ehox.es\/pt-pt\/wp-json\/wp\/v2\/media?parent=5157"}],"wp:term":[{"taxonomy":"product_brand","embeddable":true,"href":"https:\/\/ehox.es\/pt-pt\/wp-json\/wp\/v2\/product_brand?post=5157"},{"taxonomy":"product_cat","embeddable":true,"href":"https:\/\/ehox.es\/pt-pt\/wp-json\/wp\/v2\/product_cat?post=5157"},{"taxonomy":"product_tag","embeddable":true,"href":"https:\/\/ehox.es\/pt-pt\/wp-json\/wp\/v2\/product_tag?post=5157"}],"curies":[{"name":"wp","href":"https:\/\/api.w.org\/{rel}","templated":true}]}}