{"id":5145,"date":"2026-01-23T13:28:19","date_gmt":"2026-01-23T13:28:19","guid":{"rendered":"https:\/\/ehox.es\/shop\/central-de-detecao-algoritmica-de-1-laco-bx1-2pro\/"},"modified":"2026-01-23T13:28:19","modified_gmt":"2026-01-23T13:28:19","slug":"central-de-detecao-algoritmica-de-1-laco-bx1-2pro","status":"publish","type":"product","link":"https:\/\/ehox.es\/pt-pt\/shop\/central-de-detecao-algoritmica-de-1-laco-bx1-2pro\/","title":{"rendered":"Central de dete\u00e7\u00e3o algor\u00edtmica de 1 la\u00e7o BX1-2PRO"},"content":{"rendered":"<p>Central de dete\u00e7\u00e3o algor\u00edtmica de 1 la\u00e7o expans\u00edvel a 2 atrav\u00e9s de placa de la\u00e7o (ref. TLBX), com capacidade at\u00e9 350 dispositivos por la\u00e7o, com liga\u00e7\u00e3o \u00e0 rede de centrais NETCOM\u00ae atrav\u00e9s de placa de rede (Ref. T-NETCOM), ecr\u00e3 TFT t\u00e1til de 2,7&#8243; multil\u00edngue com registo de at\u00e9 10.000 eventos, 2 E\/S program\u00e1veis supervisionadas 24V. 300mA. 2 sa\u00eddas de rel\u00e9 independentes para alarme\/avaria.<\/p>\n<p>Configura\u00e7\u00e3o e coloca\u00e7\u00e3o em servi\u00e7o atrav\u00e9s de porta USB e\/ou Bluetooth na placa sem necessidade de placa adicional. Comunica\u00e7\u00f5es para telegest\u00e3o e acesso \u00e0 plataforma Nusku\u00ae mediante portas Ethernet e Wi-Fi inclu\u00eddas e opcionalmente com m\u00f3dulo 4G (ref. W4G). Protocolo MODBUS dispon\u00edvel atrav\u00e9s de porta Ethernet.  <\/p>\n<p>Caixa em pl\u00e1stico ABS branco RAL 9010 para instala\u00e7\u00e3o \u00e0 superf\u00edcie ou embutida. Dimens\u00f5es 360 mm. x 400 mm. x 100 mm. Certificados CPR EN54-2, EN54-4, EN54-13 e EN54-21. Necess\u00e1rias duas baterias 12V\/7Ah n\u00e3o inclu\u00eddas. <\/p>\n","protected":false},"excerpt":{"rendered":"Central de dete\u00e7\u00e3o algor\u00edtmica de 1 la\u00e7o expans\u00edvel a 2, com capacidade at\u00e9 350 dispositivos por la\u00e7o. Ecr\u00e3 t\u00e1til USB\/Bluetooth\/Ethernet\/WiFi\/4G. ","protected":false},"featured_media":4563,"template":"","meta":[],"product_brand":[],"product_cat":[188,191],"product_tag":[],"class_list":{"0":"post-5145","1":"product","2":"type-product","3":"status-publish","4":"has-post-thumbnail","6":"product_cat-deteccao-algoritmica","7":"product_cat-paineis-deteccao-algoritmica","9":"first","10":"instock","11":"shipping-taxable","12":"product-type-simple"},"_links":{"self":[{"href":"https:\/\/ehox.es\/pt-pt\/wp-json\/wp\/v2\/product\/5145","targetHints":{"allow":["GET"]}}],"collection":[{"href":"https:\/\/ehox.es\/pt-pt\/wp-json\/wp\/v2\/product"}],"about":[{"href":"https:\/\/ehox.es\/pt-pt\/wp-json\/wp\/v2\/types\/product"}],"wp:featuredmedia":[{"embeddable":true,"href":"https:\/\/ehox.es\/pt-pt\/wp-json\/wp\/v2\/media\/4563"}],"wp:attachment":[{"href":"https:\/\/ehox.es\/pt-pt\/wp-json\/wp\/v2\/media?parent=5145"}],"wp:term":[{"taxonomy":"product_brand","embeddable":true,"href":"https:\/\/ehox.es\/pt-pt\/wp-json\/wp\/v2\/product_brand?post=5145"},{"taxonomy":"product_cat","embeddable":true,"href":"https:\/\/ehox.es\/pt-pt\/wp-json\/wp\/v2\/product_cat?post=5145"},{"taxonomy":"product_tag","embeddable":true,"href":"https:\/\/ehox.es\/pt-pt\/wp-json\/wp\/v2\/product_tag?post=5145"}],"curies":[{"name":"wp","href":"https:\/\/api.w.org\/{rel}","templated":true}]}}