{"id":5115,"date":"2026-01-23T13:17:38","date_gmt":"2026-01-23T13:17:38","guid":{"rendered":"https:\/\/ehox.es\/shop\/painel-hibrido-ate-8-zonas-4-lacos-zx8\/"},"modified":"2026-01-23T13:17:38","modified_gmt":"2026-01-23T13:17:38","slug":"painel-hibrido-ate-8-zonas-4-lacos-zx8","status":"publish","type":"product","link":"https:\/\/ehox.es\/pt-pt\/shop\/painel-hibrido-ate-8-zonas-4-lacos-zx8\/","title":{"rendered":"Painel h\u00edbrido at\u00e9 8 zonas\/4 la\u00e7os ZX8"},"content":{"rendered":"<p>Painel h\u00edbrido de 8 zonas ou 4 la\u00e7os de dete\u00e7\u00e3o com capacidade de combinar at\u00e9 32 elementos anal\u00f3gicos e convencionais por zona e at\u00e9 64 por la\u00e7o, com liga\u00e7\u00e3o direta a rede de pain\u00e9is EH-SYNC\u00ae, ecr\u00e3 TFT t\u00e1til de 2,7&#8243; multi-idioma com registo de at\u00e9 10.000 eventos. 2 E\/S program\u00e1veis supervisionadas 24 V. 300mA. 2 sa\u00eddas de rel\u00e9 independentes para alarme\/avaria.<\/p>\n<p>Configura\u00e7\u00e3o e coloca\u00e7\u00e3o em servi\u00e7o a partir do pr\u00f3prio painel e atrav\u00e9s de porta USB e\/ou Bluetooth na placa, sem necessidade de placa adicional, mediante a app Tools\u00ae. Protocolo MODBUS dispon\u00edvel atrav\u00e9s de porta Ethernet. Portas Ethernet e Wi-Fi inclu\u00eddas e, opcionalmente, com m\u00f3dulo 4G (ref. W4G), para telegest\u00e3o e acesso \u00e0 plataforma Nusku\u00ae com licen\u00e7a inclu\u00edda, que permite servi\u00e7os de liga\u00e7\u00e3o a CRI, telemanuten\u00e7\u00e3o, teleprograma\u00e7\u00e3o dos sistemas e videoverifica\u00e7\u00e3o de alarmes por c\u00e2mara (Ref. WCON) com liga\u00e7\u00e3o direta a zona ou la\u00e7o.<\/p>\n<p>Caixa em pl\u00e1stico ABS branco RAL 9010 para instala\u00e7\u00e3o \u00e0 superf\u00edcie ou embutida. Dimens\u00f5es 360 mm. x 400 mm. x 100 mm. Certificados CPR EN54-2, EN54-4, EN54-13 e EN54-21. Necess\u00e1rias duas baterias 12V\/7Ah n\u00e3o inclu\u00eddas. <\/p>\n<p>&#8220;<\/p>\n","protected":false},"excerpt":{"rendered":"Painel h\u00edbrido at\u00e9 8 zonas\/4 la\u00e7os de dete\u00e7\u00e3o convencional\/anal\u00f3gica e liga\u00e7\u00e3o a rede EH-SYNC\u00ae. Display t\u00e1til, USB\/Bluetooth\/Ethernet\/WiFi\/4G. ","protected":false},"featured_media":4557,"template":"","meta":[],"product_brand":[],"product_cat":[206,194],"product_tag":[],"class_list":{"0":"post-5115","1":"product","2":"type-product","3":"status-publish","4":"has-post-thumbnail","6":"product_cat-paineis-deteccao-hibrida","7":"product_cat-deteccao-hibrida","9":"first","10":"instock","11":"shipping-taxable","12":"product-type-simple"},"_links":{"self":[{"href":"https:\/\/ehox.es\/pt-pt\/wp-json\/wp\/v2\/product\/5115","targetHints":{"allow":["GET"]}}],"collection":[{"href":"https:\/\/ehox.es\/pt-pt\/wp-json\/wp\/v2\/product"}],"about":[{"href":"https:\/\/ehox.es\/pt-pt\/wp-json\/wp\/v2\/types\/product"}],"wp:featuredmedia":[{"embeddable":true,"href":"https:\/\/ehox.es\/pt-pt\/wp-json\/wp\/v2\/media\/4557"}],"wp:attachment":[{"href":"https:\/\/ehox.es\/pt-pt\/wp-json\/wp\/v2\/media?parent=5115"}],"wp:term":[{"taxonomy":"product_brand","embeddable":true,"href":"https:\/\/ehox.es\/pt-pt\/wp-json\/wp\/v2\/product_brand?post=5115"},{"taxonomy":"product_cat","embeddable":true,"href":"https:\/\/ehox.es\/pt-pt\/wp-json\/wp\/v2\/product_cat?post=5115"},{"taxonomy":"product_tag","embeddable":true,"href":"https:\/\/ehox.es\/pt-pt\/wp-json\/wp\/v2\/product_tag?post=5115"}],"curies":[{"name":"wp","href":"https:\/\/api.w.org\/{rel}","templated":true}]}}