{"id":5080,"date":"2026-01-23T12:37:01","date_gmt":"2026-01-23T12:37:01","guid":{"rendered":"https:\/\/ehox.es\/shop\/painel-de-detecao-convencional-2-zonas-cx2c\/"},"modified":"2026-01-23T12:37:01","modified_gmt":"2026-01-23T12:37:01","slug":"painel-de-detecao-convencional-2-zonas-cx2c","status":"publish","type":"product","link":"https:\/\/ehox.es\/pt-pt\/shop\/painel-de-detecao-convencional-2-zonas-cx2c\/","title":{"rendered":"Painel de Dete\u00e7\u00e3o Convencional 2 zonas CX2C"},"content":{"rendered":"<p>Painel de dete\u00e7\u00e3o convencional de 2 zonas at\u00e9 32 elementos por zona, discriminando alarme de botoneira e detetor, ecr\u00e3 TFT t\u00e1til de 2,7&#8243; multi-idioma com registo de at\u00e9 10.000 eventos, 2 E\/S program\u00e1veis supervisionadas 24 V. 300mA. 2 sa\u00eddas de rel\u00e9 independentes para alarme\/avaria.<\/p>\n<p>Configura\u00e7\u00e3o e coloca\u00e7\u00e3o em servi\u00e7o atrav\u00e9s de porta USB e\/ou Bluetooth na placa, sem necessidade de cart\u00e3o adicional. Comunica\u00e7\u00f5es para telegest\u00e3o e acesso \u00e0 plataforma Nusku\u00ae atrav\u00e9s de portas Ethernet e Wi-Fi inclu\u00eddas e, opcionalmente, com m\u00f3dulo 4G (ref. W4G). Protocolo MODBUS dispon\u00edvel atrav\u00e9s de porta Ethernet.<\/p>\n<p>Caixa em pl\u00e1stico ABS branco RAL 9010 para instala\u00e7\u00e3o \u00e0 superf\u00edcie ou embutida. Dimens\u00f5es 200 mm x 290 mm x 80 mm. Certificados CPR EN54-2, EN54-4, EN54-13 e EN54-21. Necess\u00e1rias duas baterias 12 V\/2 Ah n\u00e3o inclu\u00eddas. <\/p>\n","protected":false},"excerpt":{"rendered":"Painel de dete\u00e7\u00e3o convencional de 2 zonas ecr\u00e3 t\u00e1til, USB\/Bluetooth\/Ethernet\/WiFi\/4G.","protected":false},"featured_media":4499,"template":"","meta":[],"product_brand":[],"product_cat":[201,200],"product_tag":[],"class_list":{"0":"post-5080","1":"product","2":"type-product","3":"status-publish","4":"has-post-thumbnail","6":"product_cat-paineis-deteccao-convencional","7":"product_cat-deteccao-convencional","9":"first","10":"instock","11":"shipping-taxable","12":"product-type-simple"},"_links":{"self":[{"href":"https:\/\/ehox.es\/pt-pt\/wp-json\/wp\/v2\/product\/5080","targetHints":{"allow":["GET"]}}],"collection":[{"href":"https:\/\/ehox.es\/pt-pt\/wp-json\/wp\/v2\/product"}],"about":[{"href":"https:\/\/ehox.es\/pt-pt\/wp-json\/wp\/v2\/types\/product"}],"wp:featuredmedia":[{"embeddable":true,"href":"https:\/\/ehox.es\/pt-pt\/wp-json\/wp\/v2\/media\/4499"}],"wp:attachment":[{"href":"https:\/\/ehox.es\/pt-pt\/wp-json\/wp\/v2\/media?parent=5080"}],"wp:term":[{"taxonomy":"product_brand","embeddable":true,"href":"https:\/\/ehox.es\/pt-pt\/wp-json\/wp\/v2\/product_brand?post=5080"},{"taxonomy":"product_cat","embeddable":true,"href":"https:\/\/ehox.es\/pt-pt\/wp-json\/wp\/v2\/product_cat?post=5080"},{"taxonomy":"product_tag","embeddable":true,"href":"https:\/\/ehox.es\/pt-pt\/wp-json\/wp\/v2\/product_tag?post=5080"}],"curies":[{"name":"wp","href":"https:\/\/api.w.org\/{rel}","templated":true}]}}