{"id":5055,"date":"2026-02-13T15:38:06","date_gmt":"2026-02-13T15:38:06","guid":{"rendered":"https:\/\/ehox.es\/shop\/painel-de-detecao-analogica-de-co-de-2-zonas-jn2c\/"},"modified":"2026-02-13T15:38:06","modified_gmt":"2026-02-13T15:38:06","slug":"painel-de-detecao-analogica-de-co-de-2-zonas-jn2c","status":"publish","type":"product","link":"https:\/\/ehox.es\/pt-pt\/shop\/painel-de-detecao-analogica-de-co-de-2-zonas-jn2c\/","title":{"rendered":"Painel de dete\u00e7\u00e3o anal\u00f3gica de CO de 2 zonas JN2C"},"content":{"rendered":"<p>Painel de dete\u00e7\u00e3o anal\u00f3gica de CO de 2 zonas at\u00e9 32 elementos por zona e sa\u00edda de pr\u00e9-alarme e alarme por rel\u00e9 220 Vac, ecr\u00e3 TFT t\u00e1til de 2,7&#8243; multil\u00edngue com registo de at\u00e9 10.000 eventos, 2 E\/S program\u00e1veis supervisionadas 24 V 300 mA. 2 sa\u00eddas de rel\u00e9 independentes para alarme\/avaria.  <\/p>\n<p>Configura\u00e7\u00e3o e coloca\u00e7\u00e3o em servi\u00e7o atrav\u00e9s de porta USB e\/ou Bluetooth na placa sem necessidade de placa adicional. Comunica\u00e7\u00f5es para telegest\u00e3o e acesso \u00e0 plataforma Nusku\u00ae mediante portas Ethernet e Wi-Fi inclu\u00eddas e opcionalmente com m\u00f3dulo 4G (ref. W4G). Protocolo MODBUS dispon\u00edvel atrav\u00e9s de porta Ethernet.  <\/p>\n<p>Caixa de pl\u00e1stico ABS branco RAL 9010 para instala\u00e7\u00e3o em superf\u00edcie ou encastrar. Dimens\u00f5es 200 mm x 290 mm x 80 mm. Certificado UNE 23300. Espa\u00e7o para duas baterias 12 V \/ 2 Ah n\u00e3o inclu\u00eddas.   <\/p>\n","protected":false},"excerpt":{"rendered":"Painel de dete\u00e7\u00e3o anal\u00f3gica de CO de 2 zonas, ecr\u00e3 t\u00e1til, USB\/Bluetooth\/Ethernet\/Wi-Fi\/4G.","protected":false},"featured_media":4777,"template":"","meta":[],"product_brand":[],"product_cat":[181,180],"product_tag":[],"class_list":{"0":"post-5055","1":"product","2":"type-product","3":"status-publish","4":"has-post-thumbnail","6":"product_cat-paineis-deteccao-analogica-de-gases","7":"product_cat-deteccao-analogica-de-gases","9":"first","10":"instock","11":"shipping-taxable","12":"product-type-simple"},"_links":{"self":[{"href":"https:\/\/ehox.es\/pt-pt\/wp-json\/wp\/v2\/product\/5055","targetHints":{"allow":["GET"]}}],"collection":[{"href":"https:\/\/ehox.es\/pt-pt\/wp-json\/wp\/v2\/product"}],"about":[{"href":"https:\/\/ehox.es\/pt-pt\/wp-json\/wp\/v2\/types\/product"}],"wp:featuredmedia":[{"embeddable":true,"href":"https:\/\/ehox.es\/pt-pt\/wp-json\/wp\/v2\/media\/4777"}],"wp:attachment":[{"href":"https:\/\/ehox.es\/pt-pt\/wp-json\/wp\/v2\/media?parent=5055"}],"wp:term":[{"taxonomy":"product_brand","embeddable":true,"href":"https:\/\/ehox.es\/pt-pt\/wp-json\/wp\/v2\/product_brand?post=5055"},{"taxonomy":"product_cat","embeddable":true,"href":"https:\/\/ehox.es\/pt-pt\/wp-json\/wp\/v2\/product_cat?post=5055"},{"taxonomy":"product_tag","embeddable":true,"href":"https:\/\/ehox.es\/pt-pt\/wp-json\/wp\/v2\/product_tag?post=5055"}],"curies":[{"name":"wp","href":"https:\/\/api.w.org\/{rel}","templated":true}]}}