{"id":5047,"date":"2026-02-13T15:43:34","date_gmt":"2026-02-13T15:43:34","guid":{"rendered":"https:\/\/ehox.es\/shop\/painel-de-detecao-analogica-de-co-e-no2-de-1-laco-jnbus\/"},"modified":"2026-02-13T15:43:34","modified_gmt":"2026-02-13T15:43:34","slug":"painel-de-detecao-analogica-de-co-e-no2-de-1-laco-jnbus","status":"publish","type":"product","link":"https:\/\/ehox.es\/pt-pt\/shop\/painel-de-detecao-analogica-de-co-e-no2-de-1-laco-jnbus\/","title":{"rendered":"Painel de dete\u00e7\u00e3o anal\u00f3gica de CO e NO2 de 1 la\u00e7o JNBUS"},"content":{"rendered":"<p>Painel de dete\u00e7\u00e3o anal\u00f3gica de CO e NO2 de 1 la\u00e7o com capacidade para combinar at\u00e9 120 detetores anal\u00f3gicos de CO, NO2 ou dual CO-NO2, sa\u00edda de pr\u00e9-alarme e alarme por rel\u00e9 220 Vca a partir do la\u00e7o atrav\u00e9s de m\u00f3dulos de 2 ou 4 sa\u00eddas (Ref. JNR2 ou JNR4) com liga\u00e7\u00e3o direta \u00e0 rede de pain\u00e9is EH-SYNC\u00ae, ecr\u00e3 TFT t\u00e1til de 2,7&#8243; multi-idioma com registo de at\u00e9 10.000 eventos. 2 E\/S program\u00e1veis supervisionadas 24 V. 300 mA. 2 sa\u00eddas de rel\u00e9 independentes para alarme\/avaria.<\/p>\n<p>Configura\u00e7\u00e3o e coloca\u00e7\u00e3o em servi\u00e7o a partir do pr\u00f3prio painel e atrav\u00e9s de porta USB e\/ou Bluetooth na placa, sem necessidade de placa adicional, mediante a app Tools\u00ae. Protocolo MODBUS dispon\u00edvel atrav\u00e9s de porta Ethernet. Portas Ethernet e Wi-Fi inclu\u00eddas e, opcionalmente, com m\u00f3dulo 4G (ref. W4G), para telegest\u00e3o e acesso \u00e0 plataforma Nusku\u00ae.<\/p>\n<p>Caixa em pl\u00e1stico ABS branco RAL 9010 para instala\u00e7\u00e3o \u00e0 superf\u00edcie ou de encastrar. Dimens\u00f5es 360 mm. x 400 mm. x 100 mm. Certificado UNE 23300. Espa\u00e7o para duas baterias 12 V\/7 Ah n\u00e3o inclu\u00eddas.<\/p>\n","protected":false},"excerpt":{"rendered":"Painel de dete\u00e7\u00e3o anal\u00f3gica de CO e NO2 de 1 la\u00e7o, ecr\u00e3 t\u00e1til, USB\/Bluetooth\/Ethernet\/Wi-Fi\/4G.","protected":false},"featured_media":4779,"template":"","meta":[],"product_brand":[],"product_cat":[181,180],"product_tag":[],"class_list":{"0":"post-5047","1":"product","2":"type-product","3":"status-publish","4":"has-post-thumbnail","6":"product_cat-paineis-deteccao-analogica-de-gases","7":"product_cat-deteccao-analogica-de-gases","9":"first","10":"instock","11":"shipping-taxable","12":"product-type-simple"},"_links":{"self":[{"href":"https:\/\/ehox.es\/pt-pt\/wp-json\/wp\/v2\/product\/5047","targetHints":{"allow":["GET"]}}],"collection":[{"href":"https:\/\/ehox.es\/pt-pt\/wp-json\/wp\/v2\/product"}],"about":[{"href":"https:\/\/ehox.es\/pt-pt\/wp-json\/wp\/v2\/types\/product"}],"wp:featuredmedia":[{"embeddable":true,"href":"https:\/\/ehox.es\/pt-pt\/wp-json\/wp\/v2\/media\/4779"}],"wp:attachment":[{"href":"https:\/\/ehox.es\/pt-pt\/wp-json\/wp\/v2\/media?parent=5047"}],"wp:term":[{"taxonomy":"product_brand","embeddable":true,"href":"https:\/\/ehox.es\/pt-pt\/wp-json\/wp\/v2\/product_brand?post=5047"},{"taxonomy":"product_cat","embeddable":true,"href":"https:\/\/ehox.es\/pt-pt\/wp-json\/wp\/v2\/product_cat?post=5047"},{"taxonomy":"product_tag","embeddable":true,"href":"https:\/\/ehox.es\/pt-pt\/wp-json\/wp\/v2\/product_tag?post=5047"}],"curies":[{"name":"wp","href":"https:\/\/api.w.org\/{rel}","templated":true}]}}