{"id":5045,"date":"2026-02-13T15:49:31","date_gmt":"2026-02-13T15:49:31","guid":{"rendered":"https:\/\/ehox.es\/shop\/painel-de-detecao-analogica-de-co-e-no2-de-1-loop-jn1-4pro\/"},"modified":"2026-02-13T15:49:31","modified_gmt":"2026-02-13T15:49:31","slug":"painel-de-detecao-analogica-de-co-e-no2-de-1-loop-jn1-4pro","status":"publish","type":"product","link":"https:\/\/ehox.es\/pt-pt\/shop\/painel-de-detecao-analogica-de-co-e-no2-de-1-loop-jn1-4pro\/","title":{"rendered":"Painel de dete\u00e7\u00e3o anal\u00f3gica de CO e NO2 de 1 loop JN1-4PRO"},"content":{"rendered":"<p>Painel de dete\u00e7\u00e3o anal\u00f3gica de CO e NO2 de 1 loop expans\u00edvel at\u00e9 4 mediante cart\u00e3o de loop (ref. TLJN) com capacidade de combinar at\u00e9 250 detetores anal\u00f3gicos de CO, NO2 ou dual CO-NO2 por loop, sa\u00edda de pr\u00e9-alarme e alarme por rel\u00e9 220Vca desde loop atrav\u00e9s de m\u00f3dulos de 2 ou 4 sa\u00eddas (Ref. JNR2 ou JNR4) com liga\u00e7\u00e3o direta a rede de pain\u00e9is EH-SYNC\u00ae, ecr\u00e3 TFT t\u00e1til de 2,7&#8243; multi-idioma com registo de at\u00e9 10.000 eventos. 2 E\/S program\u00e1veis supervisionadas 24V. 300mA. 2 sa\u00eddas de rel\u00e9 independentes para alarme\/avaria.   <\/p>\n<p>Configura\u00e7\u00e3o e arranque a partir do pr\u00f3prio painel e atrav\u00e9s de porta USB e\/ou Bluetooth em placa sem necessidade de cart\u00e3o adicional mediante app Tools\u00ae. Protocolo MODBUS dispon\u00edvel atrav\u00e9s de porta Ethernet. Portas Ethernet e Wifi inclu\u00eddas e opcionalmente com m\u00f3dulo 4G (ref. W4G), para telegest\u00e3o e acesso a plataforma Nusku\u00ae.  <\/p>\n<p>Caixa de pl\u00e1stico ABS branco RAL 9010 para instala\u00e7\u00e3o em superf\u00edcie ou encastrar. Dimens\u00f5es 360mm x 400mm x 100mm. Certificado UNE 23300. Espa\u00e7o para duas baterias 12V\/7Ah n\u00e3o inclu\u00eddas.     <\/p>\n","protected":false},"excerpt":{"rendered":"Painel de dete\u00e7\u00e3o anal\u00f3gica de CO e NO2 de 1 loop expans\u00edvel at\u00e9 4, display t\u00e1til, USB\/Bluetooth\/Ethernet\/WiFi\/4G.","protected":false},"featured_media":4781,"template":"","meta":[],"product_brand":[],"product_cat":[181,180],"product_tag":[],"class_list":{"0":"post-5045","1":"product","2":"type-product","3":"status-publish","4":"has-post-thumbnail","6":"product_cat-paineis-deteccao-analogica-de-gases","7":"product_cat-deteccao-analogica-de-gases","9":"first","10":"instock","11":"shipping-taxable","12":"product-type-simple"},"_links":{"self":[{"href":"https:\/\/ehox.es\/pt-pt\/wp-json\/wp\/v2\/product\/5045","targetHints":{"allow":["GET"]}}],"collection":[{"href":"https:\/\/ehox.es\/pt-pt\/wp-json\/wp\/v2\/product"}],"about":[{"href":"https:\/\/ehox.es\/pt-pt\/wp-json\/wp\/v2\/types\/product"}],"wp:featuredmedia":[{"embeddable":true,"href":"https:\/\/ehox.es\/pt-pt\/wp-json\/wp\/v2\/media\/4781"}],"wp:attachment":[{"href":"https:\/\/ehox.es\/pt-pt\/wp-json\/wp\/v2\/media?parent=5045"}],"wp:term":[{"taxonomy":"product_brand","embeddable":true,"href":"https:\/\/ehox.es\/pt-pt\/wp-json\/wp\/v2\/product_brand?post=5045"},{"taxonomy":"product_cat","embeddable":true,"href":"https:\/\/ehox.es\/pt-pt\/wp-json\/wp\/v2\/product_cat?post=5045"},{"taxonomy":"product_tag","embeddable":true,"href":"https:\/\/ehox.es\/pt-pt\/wp-json\/wp\/v2\/product_tag?post=5045"}],"curies":[{"name":"wp","href":"https:\/\/api.w.org\/{rel}","templated":true}]}}