{"id":4905,"date":"2025-12-04T14:04:43","date_gmt":"2025-12-04T14:04:43","guid":{"rendered":"https:\/\/ehox.es\/contacto\/"},"modified":"2026-02-19T14:20:33","modified_gmt":"2026-02-19T14:20:33","slug":"contacto","status":"publish","type":"page","link":"https:\/\/ehox.es\/pt-pt\/contacto\/","title":{"rendered":"Contacto"},"content":{"rendered":"<div class=\"wpb-content-wrapper\"><p>[vc_row lg_spacing=&#8221;padding_top:160;padding_bottom:120&#8243;][vc_column width=&#8221;1\/3&#8243; offset=&#8221;vc_col-md-3&#8243;][tm_box_icon style=&#8221;3&#8243; icon_type=&#8221;themify&#8221; icon_themify=&#8221;ti-map-alt&#8221; heading=&#8221;Dire\u00e7\u00e3o&#8221; text=&#8221;C\/ Prado Tito 34<br \/>\n28770 &#8211; Colmenar Viejo&#8221; lg_spacing=&#8221;margin_bottom:30;border_bottom:1;padding_bottom:29&#8243; box_link=&#8221;url:https%3A%2F%2Fwww.google.es%2Fmaps%2Fplace%2FC.%2Bdel%2BPrado%2BTito%2C%2B34%2C%2B28770%2BColmenar%2BViejo%2C%2BMadrid%2F%4040.6595156%2C-3.7619923%2C17z%2Fdata%3D!3m1!4b1!4m6!3m5!1s0xd417de14e22a7eb%3A0xabaa47efcaf68136!8m2!3d40.6595156!4d-3.7594174!16s%252Fg%252F11cpnhhbvm%3Fhl%3Des%26entry%3Dttu%26g_ep%3DEgoyMDI1MTEyMy4xIKXMDSoASAFQAw%253D%253D|target:_blank&#8221;][tm_box_icon style=&#8221;3&#8243; icon_type=&#8221;themify&#8221; icon_themify=&#8221;ti-mobile&#8221; heading=&#8221;Telefone&#8221; lg_spacing=&#8221;margin_bottom:30;border_bottom:1;padding_bottom:29&#8243;][tm_box_icon style=&#8221;3&#8243; icon_type=&#8221;themify&#8221; icon_themify=&#8221;ti-comment-alt&#8221; heading=&#8221;Email&#8221; text=&#8221;info@ehox.es&#8221; lg_spacing=&#8221;margin_bottom:24;border_bottom:1;padding_bottom:29&#8243;][tm_social_networks items=&#8221;%5B%7B%22title%22%3A%22Twitter%22%2C%22link%22%3A%22%23%22%2C%22icon_type%22%3A%22ion%22%2C%22icon_fontawesome%22%3A%22fa%20fa-adjust%22%2C%22icon_ion%22%3A%22ion-social-twitter%22%2C%22icon_themify%22%3A%22ti-arrow-up%22%7D%2C%7B%22title%22%3A%22Facebook%22%2C%22link%22%3A%22%23%22%2C%22icon_type%22%3A%22ion%22%2C%22icon_fontawesome%22%3A%22fa%20fa-adjust%22%2C%22icon_ion%22%3A%22ion-social-facebook%22%2C%22icon_themify%22%3A%22ti-arrow-up%22%7D%2C%7B%22title%22%3A%22Google%2B%22%2C%22link%22%3A%22%23%22%2C%22icon_type%22%3A%22ion%22%2C%22icon_fontawesome%22%3A%22fa%20fa-adjust%22%2C%22icon_ion%22%3A%22ion-social-googleplus%22%2C%22icon_themify%22%3A%22ti-arrow-up%22%7D%2C%7B%22title%22%3A%22Linkedin%22%2C%22link%22%3A%22%23%22%2C%22icon_type%22%3A%22ion%22%2C%22icon_fontawesome%22%3A%22fa%20fa-adjust%22%2C%22icon_ion%22%3A%22ion-social-linkedin%22%2C%22icon_themify%22%3A%22ti-arrow-up%22%7D%5D&#8221;][\/vc_column][vc_column width=&#8221;2\/3&#8243; offset=&#8221;vc_col-md-offset-1&#8243;][tm_heading custom_google_font=&#8221;&#8221; google_fonts=&#8221;font_family:Open%20Sans%3A300%2C300italic%2Cregular%2Citalic%2C600%2C600italic%2C700%2C700italic%2C800%2C800italic|font_style:300%20light%20regular%3A300%3Anormal&#8221; text=&#8221;Deixe-nos uma mensagem&#8221; font_size=&#8221;sm:36;md:46;lg:56&#8243;][tm_heading tag=&#8221;h4&#8243; custom_google_font=&#8221;&#8221; google_fonts=&#8221;font_family:Open%20Sans%3A300%2C300italic%2Cregular%2Citalic%2C600%2C600italic%2C700%2C700italic%2C800%2C800italic|font_style:300%20light%20regular%3A300%3Anormal&#8221; text=&#8221;e entraremos em contacto consigo&#8221; font_size=&#8221;sm:36;md:46;lg:30&#8243;][tm_spacer size=&#8221;lg:53&#8243;]<style id=\"wpforms-css-vars-4180\">\n\t\t\t\t#wpforms-4180 {\n\t\t\t\t--wpforms-field-border-color: rgba(0, 0, 0, 0.25);\n--wpforms-field-border-color-spare: rgba(0, 0, 0, 0.25);\n--wpforms-field-text-color: rgba(0, 0, 0, 0.7);\n--wpforms-label-color: rgba(0, 0, 0, 0.85);\n--wpforms-label-sublabel-color: rgba(0, 0, 0, 0.55);\n--wpforms-button-background-color: #e95c2b;\n--wpforms-container-padding: 0px;\n--wpforms-container-border-width: 1px;\n--wpforms-container-border-radius: 3px;\n--wpforms-background-color: rgba(0, 0, 0, 0);\n--wpforms-field-size-input-height: 43px;\n--wpforms-field-size-input-spacing: 15px;\n--wpforms-field-size-font-size: 16px;\n--wpforms-field-size-line-height: 19px;\n--wpforms-field-size-padding-h: 14px;\n--wpforms-field-size-checkbox-size: 16px;\n--wpforms-field-size-sublabel-spacing: 5px;\n--wpforms-field-size-icon-size: 1;\n--wpforms-label-size-font-size: 16px;\n--wpforms-label-size-line-height: 19px;\n--wpforms-label-size-sublabel-font-size: 14px;\n--wpforms-label-size-sublabel-line-height: 17px;\n--wpforms-button-size-font-size: 17px;\n--wpforms-button-size-height: 41px;\n--wpforms-button-size-padding-h: 15px;\n--wpforms-button-size-margin-top: 10px;\n--wpforms-container-shadow-size-box-shadow: none;\n\t\t\t}\n\t\t\t<\/style><div class=\"wpforms-container wpforms-container-full wpforms-render-modern\" id=\"wpforms-4180\"><form id=\"wpforms-form-4180\" class=\"wpforms-validate wpforms-form wpforms-ajax-form\" data-formid=\"4180\" method=\"post\" enctype=\"multipart\/form-data\" action=\"\/pt-pt\/wp-json\/wp\/v2\/pages\/4905\" data-token=\"c734806efaa65857ee630fee36a49c8a\" data-token-time=\"1776293180\"><noscript class=\"wpforms-error-noscript\">Please enable JavaScript in your browser to complete this form.<\/noscript><div id=\"wpforms-error-noscript\" style=\"display: none;\">Please enable JavaScript in your browser to complete this form.<\/div><div class=\"wpforms-field-container\"><div id=\"wpforms-4180-field_1-container\" class=\"wpforms-field wpforms-field-name\" data-field-id=\"1\"><label class=\"wpforms-field-label\" for=\"wpforms-4180-field_1\">Nome <span class=\"wpforms-required-label\" aria-hidden=\"true\">*<\/span><\/label><input type=\"text\" id=\"wpforms-4180-field_1\" class=\"wpforms-field-medium wpforms-field-required\" name=\"wpforms[fields][1]\" aria-errormessage=\"wpforms-4180-field_1-error\" required><\/div><div id=\"wpforms-4180-field_5-container\" class=\"wpforms-field wpforms-field-text\" data-field-id=\"5\"><label class=\"wpforms-field-label\" for=\"wpforms-4180-field_5\">Empresa <span class=\"wpforms-required-label\" aria-hidden=\"true\">*<\/span><\/label><input type=\"text\" id=\"wpforms-4180-field_5\" class=\"wpforms-field-medium wpforms-field-required\" name=\"wpforms[fields][5]\" aria-errormessage=\"wpforms-4180-field_5-error\" required><\/div><div id=\"wpforms-4180-field_4-container\" class=\"wpforms-field wpforms-field-number\" data-field-id=\"4\"><label class=\"wpforms-field-label\" for=\"wpforms-4180-field_4\">Telefone<\/label><input type=\"number\" id=\"wpforms-4180-field_4\" class=\"wpforms-field-small\" name=\"wpforms[fields][4]\" step=\"any\" aria-errormessage=\"wpforms-4180-field_4-error\" ><\/div><div id=\"wpforms-4180-field_2-container\" class=\"wpforms-field wpforms-field-email\" data-field-id=\"2\"><label class=\"wpforms-field-label\" for=\"wpforms-4180-field_2\">E-mail <span class=\"wpforms-required-label\" aria-hidden=\"true\">*<\/span><\/label><input type=\"email\" id=\"wpforms-4180-field_2\" class=\"wpforms-field-medium wpforms-field-required\" name=\"wpforms[fields][2]\" spellcheck=\"false\" aria-errormessage=\"wpforms-4180-field_2-error\" required><\/div>\t\t<div id=\"wpforms-4180-field_6-container\"\n\t\t\tclass=\"wpforms-field wpforms-field-text\"\n\t\t\tdata-field-type=\"text\"\n\t\t\tdata-field-id=\"6\"\n\t\t\t>\n\t\t\t<label class=\"wpforms-field-label\" for=\"wpforms-4180-field_6\" >Mensagem E-mail RGPD<\/label>\n\t\t\t<input type=\"text\" id=\"wpforms-4180-field_6\" class=\"wpforms-field-medium\" name=\"wpforms[fields][6]\" >\n\t\t<\/div>\n\t\t<div id=\"wpforms-4180-field_3-container\" class=\"wpforms-field wpforms-field-textarea\" data-field-id=\"3\"><label class=\"wpforms-field-label\" for=\"wpforms-4180-field_3\">Mensagem <span class=\"wpforms-required-label\" aria-hidden=\"true\">*<\/span><\/label><textarea id=\"wpforms-4180-field_3\" class=\"wpforms-field-medium wpforms-field-required\" name=\"wpforms[fields][3]\" aria-errormessage=\"wpforms-4180-field_3-error\" required><\/textarea><\/div><div id=\"wpforms-4180-field_7-container\" class=\"wpforms-field wpforms-field-gdpr-checkbox\" data-field-id=\"7\"><label class=\"wpforms-field-label\">RGPD <span class=\"wpforms-required-label\" aria-hidden=\"true\">*<\/span><\/label><ul id=\"wpforms-4180-field_7\" class=\"wpforms-field-required\"><li class=\"choice-1\"><input type=\"checkbox\" id=\"wpforms-4180-field_7_1\" name=\"wpforms[fields][7][]\" value=\"Autorizo que o site EHOX armazene as informa\u00e7\u00f5es que enviei para que possam responder \u00e0 minha consulta.\" aria-errormessage=\"wpforms-4180-field_7_1-error\" required ><label class=\"wpforms-field-label-inline\" for=\"wpforms-4180-field_7_1\">Autorizo que o site EHOX armazene as informa\u00e7\u00f5es que enviei para que possam responder \u00e0 minha consulta.<\/label><\/li><\/ul><\/div><script>\n\t\t\t\t( function() {\n\t\t\t\t\tconst style = document.createElement( 'style' );\n\t\t\t\t\tstyle.appendChild( document.createTextNode( '#wpforms-4180-field_6-container { position: absolute !important; overflow: hidden !important; display: inline !important; height: 1px !important; width: 1px !important; z-index: -1000 !important; padding: 0 !important; } #wpforms-4180-field_6-container input { visibility: hidden; } #wpforms-conversational-form-page #wpforms-4180-field_6-container label { counter-increment: none; }' ) );\n\t\t\t\t\tdocument.head.appendChild( style );\n\t\t\t\t\tdocument.currentScript?.remove();\n\t\t\t\t} )();\n\t\t\t<\/script><\/div><!-- .wpforms-field-container --><div class=\"wpforms-recaptcha-container wpforms-is-recaptcha wpforms-is-recaptcha-type-v2\" ><div class=\"g-recaptcha\" data-sitekey=\"6Ldvg0QsAAAAAMHpp2VhRneNxUhucTr0zm9n9m-k\"><\/div><input type=\"text\" name=\"g-recaptcha-hidden\" class=\"wpforms-recaptcha-hidden\" style=\"position:absolute!important;clip:rect(0,0,0,0)!important;height:1px!important;width:1px!important;border:0!important;overflow:hidden!important;padding:0!important;margin:0!important;\" data-rule-recaptcha=\"1\"><\/div><div class=\"wpforms-submit-container\" ><input type=\"hidden\" name=\"wpforms[id]\" value=\"4180\"><input type=\"hidden\" name=\"page_title\" value=\"\"><input type=\"hidden\" name=\"page_url\" value=\"https:\/\/ehox.es\/pt-pt\/wp-json\/wp\/v2\/pages\/4905\"><input type=\"hidden\" name=\"url_referer\" value=\"\"><button type=\"submit\" name=\"wpforms[submit]\" id=\"wpforms-submit-4180\" class=\"wpforms-submit boton-redondeado\" data-alt-text=\"A enviar...\" data-submit-text=\"Enviar\" aria-live=\"assertive\" value=\"wpforms-submit\">Enviar<\/button><img loading=\"lazy\" decoding=\"async\" src=\"https:\/\/ehox.es\/wp-content\/plugins\/wpforms-lite\/assets\/images\/submit-spin.svg\" class=\"wpforms-submit-spinner\" style=\"display: none;\" width=\"26\" height=\"26\" alt=\"Loading\"><\/div><\/form><\/div>  <!-- .wpforms-container -->[\/vc_column][\/vc_row]<\/p>\n<\/div>","protected":false},"excerpt":{"rendered":"[vc_row lg_spacing=&#8221;padding_top:160;padding_bottom:120&#8243;][vc_column width=&#8221;1\/3&#8243; offset=&#8221;vc_col-md-3&#8243;][tm_box_icon style=&#8221;3&#8243; icon_type=&#8221;themify&#8221; icon_themify=&#8221;ti-map-alt&#8221; heading=&#8221;Dire\u00e7\u00e3o&#8221; text=&#8221;C\/ Prado Tito 34 28770 &#8211; Colmenar Viejo&#8221; lg_spacing=&#8221;margin_bottom:30;border_bottom:1;padding_bottom:29&#8243; box_link=&#8221;url:https%3A%2F%2Fwww.google.es%2Fmaps%2Fplace%2FC.%2Bdel%2BPrado%2BTito%2C%2B34%2C%2B28770%2BColmenar%2BViejo%2C%2BMadrid%2F%4040.6595156%2C-3.7619923%2C17z%2Fdata%3D!3m1!4b1!4m6!3m5!1s0xd417de14e22a7eb%3A0xabaa47efcaf68136!8m2!3d40.6595156!4d-3.7594174!16s%252Fg%252F11cpnhhbvm%3Fhl%3Des%26entry%3Dttu%26g_ep%3DEgoyMDI1MTEyMy4xIKXMDSoASAFQAw%253D%253D|target:_blank&#8221;][tm_box_icon style=&#8221;3&#8243; icon_type=&#8221;themify&#8221; icon_themify=&#8221;ti-mobile&#8221; heading=&#8221;Telefone&#8221; lg_spacing=&#8221;margin_bottom:30;border_bottom:1;padding_bottom:29&#8243;][tm_box_icon style=&#8221;3&#8243; icon_type=&#8221;themify&#8221; icon_themify=&#8221;ti-comment-alt&#8221; heading=&#8221;Email&#8221; text=&#8221;info@ehox.es&#8221; lg_spacing=&#8221;margin_bottom:24;border_bottom:1;padding_bottom:29&#8243;][tm_social_networks items=&#8221;%5B%7B%22title%22%3A%22Twitter%22%2C%22link%22%3A%22%23%22%2C%22icon_type%22%3A%22ion%22%2C%22icon_fontawesome%22%3A%22fa%20fa-adjust%22%2C%22icon_ion%22%3A%22ion-social-twitter%22%2C%22icon_themify%22%3A%22ti-arrow-up%22%7D%2C%7B%22title%22%3A%22Facebook%22%2C%22link%22%3A%22%23%22%2C%22icon_type%22%3A%22ion%22%2C%22icon_fontawesome%22%3A%22fa%20fa-adjust%22%2C%22icon_ion%22%3A%22ion-social-facebook%22%2C%22icon_themify%22%3A%22ti-arrow-up%22%7D%2C%7B%22title%22%3A%22Google%2B%22%2C%22link%22%3A%22%23%22%2C%22icon_type%22%3A%22ion%22%2C%22icon_fontawesome%22%3A%22fa%20fa-adjust%22%2C%22icon_ion%22%3A%22ion-social-googleplus%22%2C%22icon_themify%22%3A%22ti-arrow-up%22%7D%2C%7B%22title%22%3A%22Linkedin%22%2C%22link%22%3A%22%23%22%2C%22icon_type%22%3A%22ion%22%2C%22icon_fontawesome%22%3A%22fa%20fa-adjust%22%2C%22icon_ion%22%3A%22ion-social-linkedin%22%2C%22icon_themify%22%3A%22ti-arrow-up%22%7D%5D&#8221;][\/vc_column][vc_column width=&#8221;2\/3&#8243; offset=&#8221;vc_col-md-offset-1&#8243;][tm_heading custom_google_font=&#8221;&#8221; google_fonts=&#8221;font_family:Open%20Sans%3A300%2C300italic%2Cregular%2Citalic%2C600%2C600italic%2C700%2C700italic%2C800%2C800italic|font_style:300%20light%20regular%3A300%3Anormal&#8221; text=&#8221;Deixe-nos uma mensagem&#8221; font_size=&#8221;sm:36;md:46;lg:56&#8243;][tm_heading tag=&#8221;h4&#8243; custom_google_font=&#8221;&#8221; google_fonts=&#8221;font_family:Open%20Sans%3A300%2C300italic%2Cregular%2Citalic%2C600%2C600italic%2C700%2C700italic%2C800%2C800italic|font_style:300%20light%20regular%3A300%3Anormal&#8221; text=&#8221;e entraremos em contacto consigo&#8221; font_size=&#8221;sm:36;md:46;lg:30&#8243;][tm_spacer size=&#8221;lg:53&#8243;][\/vc_column][\/vc_row]","protected":false},"author":5,"featured_media":0,"parent":0,"menu_order":0,"comment_status":"closed","ping_status":"closed","template":"","meta":{"footnotes":""},"class_list":["post-4905","page","type-page","status-publish","hentry"],"_links":{"self":[{"href":"https:\/\/ehox.es\/pt-pt\/wp-json\/wp\/v2\/pages\/4905","targetHints":{"allow":["GET"]}}],"collection":[{"href":"https:\/\/ehox.es\/pt-pt\/wp-json\/wp\/v2\/pages"}],"about":[{"href":"https:\/\/ehox.es\/pt-pt\/wp-json\/wp\/v2\/types\/page"}],"author":[{"embeddable":true,"href":"https:\/\/ehox.es\/pt-pt\/wp-json\/wp\/v2\/users\/5"}],"replies":[{"embeddable":true,"href":"https:\/\/ehox.es\/pt-pt\/wp-json\/wp\/v2\/comments?post=4905"}],"version-history":[{"count":7,"href":"https:\/\/ehox.es\/pt-pt\/wp-json\/wp\/v2\/pages\/4905\/revisions"}],"predecessor-version":[{"id":5044,"href":"https:\/\/ehox.es\/pt-pt\/wp-json\/wp\/v2\/pages\/4905\/revisions\/5044"}],"wp:attachment":[{"href":"https:\/\/ehox.es\/pt-pt\/wp-json\/wp\/v2\/media?parent=4905"}],"curies":[{"name":"wp","href":"https:\/\/api.w.org\/{rel}","templated":true}]}}