{"id":5402,"date":"2026-01-25T16:51:11","date_gmt":"2026-01-25T16:51:11","guid":{"rendered":"https:\/\/ehox.es\/shop\/panneau-de-detection-analogique-de-co-et-no2-pour-reseau-netcom-a-2-zones-rax-jnbus\/"},"modified":"2026-01-25T16:51:11","modified_gmt":"2026-01-25T16:51:11","slug":"panneau-de-detection-analogique-de-co-et-no2-pour-reseau-netcom-a-2-zones-rax-jnbus","status":"publish","type":"product","link":"https:\/\/ehox.es\/fr\/shop\/panneau-de-detection-analogique-de-co-et-no2-pour-reseau-netcom-a-2-zones-rax-jnbus\/","title":{"rendered":"Panneau de d\u00e9tection analogique de CO et NO2 pour r\u00e9seau NETCOM\u00ae \u00e0 2 zones RAX JNBUS"},"content":{"rendered":"<p>Panneau de d\u00e9tection analogique de CO et NO2 pour r\u00e9seau NETCOM\u00ae \u00e0 1 boucle pouvant combiner jusqu&rsquo;\u00e0 120 d\u00e9tecteurs analogiques de CO, NO2 ou CO-NO2 double, sortie de pr\u00e9-alarme et alarme par relais 220 Vcc depuis la boucle via des modules \u00e0 2 ou 4 sorties (r\u00e9f. JNR2 ou JNR4) avec connexion directe au r\u00e9seau de panneaux EH-SYNC\u00ae, \u00e9cran tactile TFT 2,7 pouces multilingue avec enregistrement de jusqu&rsquo;\u00e0 10 000 \u00e9v\u00e9nements. 2 E\/S programmables supervis\u00e9es 24 V. 300mA. 2 sorties relais ind\u00e9pendantes pour alarme\/d\u00e9faut.<\/p>\n<p>Configuration et mise en service depuis la centrale elle-m\u00eame et via port USB et\/ou Bluetooth int\u00e9gr\u00e9 sans n\u00e9cessit\u00e9 de carte additionnelle au moyen de l&rsquo;app Tools\u00ae. Protocole MODBUS disponible via port Ethernet. Port Wi-Fi inclus et module 4G en option (r\u00e9f. W4G), pour la t\u00e9l\u00e9gestion et l&rsquo;acc\u00e8s \u00e0 la plateforme Nusku\u00ae .<\/p>\n<p>Bo\u00eetier plastique ABS blanc RAL 9010 pour installation en saillie ou encastr\u00e9. Dimensions 200mm x 290mm x 80mm. Certifications CPR EN54-2, EN54-4, EN54-13 et EN54-21. Espace pour deux batteries 12 V\/7 Ah non incluses.<\/p>\n<p>\u00ab\u00a0<\/p>\n","protected":false},"excerpt":{"rendered":"Panneau de d\u00e9tection analogique de CO et NO2 pour r\u00e9seau NETCOM\u00ae \u00e0 1 boucle, \u00e9cran tactile, USB\/Bluetooth\/WiFi\/4G.","protected":false},"featured_media":4552,"template":"","meta":[],"product_brand":[],"product_cat":[187,252],"product_tag":[],"class_list":{"0":"post-5402","1":"product","2":"type-product","3":"status-publish","4":"has-post-thumbnail","6":"product_cat-detection-algorithmique","7":"product_cat-panneaux-rax-detection-algorithmique","9":"first","10":"instock","11":"shipping-taxable","12":"product-type-simple"},"_links":{"self":[{"href":"https:\/\/ehox.es\/fr\/wp-json\/wp\/v2\/product\/5402","targetHints":{"allow":["GET"]}}],"collection":[{"href":"https:\/\/ehox.es\/fr\/wp-json\/wp\/v2\/product"}],"about":[{"href":"https:\/\/ehox.es\/fr\/wp-json\/wp\/v2\/types\/product"}],"wp:featuredmedia":[{"embeddable":true,"href":"https:\/\/ehox.es\/fr\/wp-json\/wp\/v2\/media\/4552"}],"wp:attachment":[{"href":"https:\/\/ehox.es\/fr\/wp-json\/wp\/v2\/media?parent=5402"}],"wp:term":[{"taxonomy":"product_brand","embeddable":true,"href":"https:\/\/ehox.es\/fr\/wp-json\/wp\/v2\/product_brand?post=5402"},{"taxonomy":"product_cat","embeddable":true,"href":"https:\/\/ehox.es\/fr\/wp-json\/wp\/v2\/product_cat?post=5402"},{"taxonomy":"product_tag","embeddable":true,"href":"https:\/\/ehox.es\/fr\/wp-json\/wp\/v2\/product_tag?post=5402"}],"curies":[{"name":"wp","href":"https:\/\/api.w.org\/{rel}","templated":true}]}}