{"id":5396,"date":"2026-01-25T16:45:23","date_gmt":"2026-01-25T16:45:23","guid":{"rendered":"https:\/\/ehox.es\/shop\/panneau-de-detection-conventionnel-de-co-pour-reseau-netcom-a-2-zones-rax-jn1\/"},"modified":"2026-01-25T16:45:23","modified_gmt":"2026-01-25T16:45:23","slug":"panneau-de-detection-conventionnel-de-co-pour-reseau-netcom-a-2-zones-rax-jn1","status":"publish","type":"product","link":"https:\/\/ehox.es\/fr\/shop\/panneau-de-detection-conventionnel-de-co-pour-reseau-netcom-a-2-zones-rax-jn1\/","title":{"rendered":"Panneau de d\u00e9tection conventionnel de CO pour r\u00e9seau NETCOM\u00ae \u00e0 2 zones RAX JN1"},"content":{"rendered":"<p>Panneau de d\u00e9tection de CO conventionnel pour r\u00e9seau NETCOM\u00ae \u00e0 2 zones jusqu&rsquo;\u00e0 32 \u00e9l\u00e9ments par zone et sortie de pr\u00e9-alarme et d&rsquo;alarme par relais 220 Vca, \u00e9cran tactile TFT multilingue de 2,7 pouces avec enregistrement jusqu&rsquo;\u00e0 10 000 \u00e9v\u00e9nements, 2 E\/S programmables surveill\u00e9es 24 V. 300mA. 2 sorties relais ind\u00e9pendantes pour alarme\/d\u00e9faut.<\/p>\n<p>Configuration et mise en service via port USB et\/ou Bluetooth int\u00e9gr\u00e9 sans carte additionnelle. Communications pour la t\u00e9l\u00e9gestion et l&rsquo;acc\u00e8s \u00e0 la plateforme Nusku\u00ae via un port Wi-Fi inclus et, en option, avec un module 4G (r\u00e9f. W4G). Protocole MODBUS disponible via port Ethernet.<\/p>\n<p>Bo\u00eetier plastique ABS blanc RAL 9010 pour installation en saillie ou encastr\u00e9. Dimensions 200mm x 290mm x 80mm. Certifications CPR EN54-2, EN54-4, EN54-13 et EN54-21. Espace pour deux batteries 12V\/2Ah non incluses.<\/p>\n<p>\u00ab\u00a0<\/p>\n","protected":false},"excerpt":{"rendered":"Panneau de d\u00e9tection conventionnel de CO pour r\u00e9seau NETCOM\u00ae \u00e0 2 zones, \u00e9cran tactile, USB\/Bluetooth\/WiFi\/4G.","protected":false},"featured_media":4553,"template":"","meta":[],"product_brand":[],"product_cat":[187,252],"product_tag":[],"class_list":{"0":"post-5396","1":"product","2":"type-product","3":"status-publish","4":"has-post-thumbnail","6":"product_cat-detection-algorithmique","7":"product_cat-panneaux-rax-detection-algorithmique","9":"first","10":"instock","11":"shipping-taxable","12":"product-type-simple"},"_links":{"self":[{"href":"https:\/\/ehox.es\/fr\/wp-json\/wp\/v2\/product\/5396","targetHints":{"allow":["GET"]}}],"collection":[{"href":"https:\/\/ehox.es\/fr\/wp-json\/wp\/v2\/product"}],"about":[{"href":"https:\/\/ehox.es\/fr\/wp-json\/wp\/v2\/types\/product"}],"wp:featuredmedia":[{"embeddable":true,"href":"https:\/\/ehox.es\/fr\/wp-json\/wp\/v2\/media\/4553"}],"wp:attachment":[{"href":"https:\/\/ehox.es\/fr\/wp-json\/wp\/v2\/media?parent=5396"}],"wp:term":[{"taxonomy":"product_brand","embeddable":true,"href":"https:\/\/ehox.es\/fr\/wp-json\/wp\/v2\/product_brand?post=5396"},{"taxonomy":"product_cat","embeddable":true,"href":"https:\/\/ehox.es\/fr\/wp-json\/wp\/v2\/product_cat?post=5396"},{"taxonomy":"product_tag","embeddable":true,"href":"https:\/\/ehox.es\/fr\/wp-json\/wp\/v2\/product_tag?post=5396"}],"curies":[{"name":"wp","href":"https:\/\/api.w.org\/{rel}","templated":true}]}}