{"id":5384,"date":"2026-01-23T14:44:59","date_gmt":"2026-01-23T14:44:59","guid":{"rendered":"https:\/\/ehox.es\/shop\/panneau-de-detection-conventionnel-pour-reseau-netcom-a-4-zones-rax-cx4\/"},"modified":"2026-01-23T14:44:59","modified_gmt":"2026-01-23T14:44:59","slug":"panneau-de-detection-conventionnel-pour-reseau-netcom-a-4-zones-rax-cx4","status":"publish","type":"product","link":"https:\/\/ehox.es\/fr\/shop\/panneau-de-detection-conventionnel-pour-reseau-netcom-a-4-zones-rax-cx4\/","title":{"rendered":"Panneau de d\u00e9tection conventionnel pour r\u00e9seau NETCOM\u00ae \u00e0 4 zones RAX CX4"},"content":{"rendered":"<p>Panneau de d\u00e9tection conventionnel pour r\u00e9seau NETCOM\u00ae \u00e0 4 zones jusqu&rsquo;\u00e0 32 \u00e9l\u00e9ments par zone, distinguant les alarmes provenant des boutons-poussoirs et des d\u00e9tecteurs, \u00e9cran tactile TFT multilingue de 2,7 pouces avec enregistrement jusqu&rsquo;\u00e0 10 000 \u00e9v\u00e9nements, 2 E\/S programmables supervis\u00e9es 24 V. 300mA. 2 sorties relais ind\u00e9pendantes pour alarme\/d\u00e9faut.<\/p>\n<p>Configuration et mise en service via port USB et\/ou Bluetooth int\u00e9gr\u00e9 sans carte additionnelle. Communications pour la t\u00e9l\u00e9gestion et l&rsquo;acc\u00e8s \u00e0 la plateforme Nusku\u00ae via un port Wi-Fi inclus et, en option, avec un module 4G (r\u00e9f. W4G). Protocole MODBUS disponible via port Ethernet.<\/p>\n<p>Bo\u00eetier plastique ABS blanc RAL 9010 pour installation en saillie ou encastr\u00e9. Dimensions 200mm x 290mm x 80mm. Certifications CPR EN54-2, EN54-4, EN54-13 et EN54-21. Deux batteries 12 V\/2 Ah n\u00e9cessaires non incluses.   <\/p>\n","protected":false},"excerpt":{"rendered":"Panneau de d\u00e9tection conventionnel pour r\u00e9seau NETCOM\u00ae \u00e0 4 zones. USB\/Bluetooth\/WiFi\/4G. ","protected":false},"featured_media":4559,"template":"","meta":[],"product_brand":[],"product_cat":[187,252],"product_tag":[],"class_list":{"0":"post-5384","1":"product","2":"type-product","3":"status-publish","4":"has-post-thumbnail","6":"product_cat-detection-algorithmique","7":"product_cat-panneaux-rax-detection-algorithmique","9":"first","10":"instock","11":"shipping-taxable","12":"product-type-simple"},"_links":{"self":[{"href":"https:\/\/ehox.es\/fr\/wp-json\/wp\/v2\/product\/5384","targetHints":{"allow":["GET"]}}],"collection":[{"href":"https:\/\/ehox.es\/fr\/wp-json\/wp\/v2\/product"}],"about":[{"href":"https:\/\/ehox.es\/fr\/wp-json\/wp\/v2\/types\/product"}],"wp:featuredmedia":[{"embeddable":true,"href":"https:\/\/ehox.es\/fr\/wp-json\/wp\/v2\/media\/4559"}],"wp:attachment":[{"href":"https:\/\/ehox.es\/fr\/wp-json\/wp\/v2\/media?parent=5384"}],"wp:term":[{"taxonomy":"product_brand","embeddable":true,"href":"https:\/\/ehox.es\/fr\/wp-json\/wp\/v2\/product_brand?post=5384"},{"taxonomy":"product_cat","embeddable":true,"href":"https:\/\/ehox.es\/fr\/wp-json\/wp\/v2\/product_cat?post=5384"},{"taxonomy":"product_tag","embeddable":true,"href":"https:\/\/ehox.es\/fr\/wp-json\/wp\/v2\/product_tag?post=5384"}],"curies":[{"name":"wp","href":"https:\/\/api.w.org\/{rel}","templated":true}]}}