{"id":5378,"date":"2026-01-25T17:33:19","date_gmt":"2026-01-25T17:33:19","guid":{"rendered":"https:\/\/ehox.es\/shop\/camera-pour-connexion-a-une-zone-ou-une-boucle-wcon\/"},"modified":"2026-01-25T17:33:19","modified_gmt":"2026-01-25T17:33:19","slug":"camera-pour-connexion-a-une-zone-ou-une-boucle-wcon","status":"publish","type":"product","link":"https:\/\/ehox.es\/fr\/shop\/camera-pour-connexion-a-une-zone-ou-une-boucle-wcon\/","title":{"rendered":"Cam\u00e9ra pour connexion \u00e0 une zone ou une boucle WCON"},"content":{"rendered":"<p>Cam\u00e9ra pour connexion directe \u00e0 une zone ou une boucle qui fournit une image d&rsquo;incident ou d&rsquo;alarme pour v\u00e9rification vid\u00e9o. Adressage par lecture de code QR. <\/p>\n","protected":false},"excerpt":{"rendered":"Cam\u00e9ra pour connexion directe \u00e0 une zone ou \u00e0 une boucle","protected":false},"featured_media":0,"template":"","meta":[],"product_brand":[],"product_cat":[187,193,249],"product_tag":[],"class_list":{"0":"post-5378","1":"product","2":"type-product","3":"status-publish","5":"product_cat-detection-algorithmique","6":"product_cat-detection-hybride","7":"product_cat-videoverification-detection-algorithmique","9":"first","10":"instock","11":"shipping-taxable","12":"product-type-simple"},"_links":{"self":[{"href":"https:\/\/ehox.es\/fr\/wp-json\/wp\/v2\/product\/5378","targetHints":{"allow":["GET"]}}],"collection":[{"href":"https:\/\/ehox.es\/fr\/wp-json\/wp\/v2\/product"}],"about":[{"href":"https:\/\/ehox.es\/fr\/wp-json\/wp\/v2\/types\/product"}],"wp:attachment":[{"href":"https:\/\/ehox.es\/fr\/wp-json\/wp\/v2\/media?parent=5378"}],"wp:term":[{"taxonomy":"product_brand","embeddable":true,"href":"https:\/\/ehox.es\/fr\/wp-json\/wp\/v2\/product_brand?post=5378"},{"taxonomy":"product_cat","embeddable":true,"href":"https:\/\/ehox.es\/fr\/wp-json\/wp\/v2\/product_cat?post=5378"},{"taxonomy":"product_tag","embeddable":true,"href":"https:\/\/ehox.es\/fr\/wp-json\/wp\/v2\/product_tag?post=5378"}],"curies":[{"name":"wp","href":"https:\/\/api.w.org\/{rel}","templated":true}]}}