{"id":5373,"date":"2026-01-25T17:31:44","date_gmt":"2026-01-25T17:31:44","guid":{"rendered":"https:\/\/ehox.es\/shop\/sirene-analogique-interieure-wxpsf\/"},"modified":"2026-01-25T17:31:44","modified_gmt":"2026-01-25T17:31:44","slug":"sirene-analogique-interieure-wxpsf","status":"publish","type":"product","link":"https:\/\/ehox.es\/fr\/shop\/sirene-analogique-interieure-wxpsf\/","title":{"rendered":"Sir\u00e8ne analogique int\u00e9rieure WXPSF"},"content":{"rendered":"<p>Sir\u00e8ne analogique d&rsquo;int\u00e9rieur optique acoustique rouge, flash blanc. Niveau sonore de 89 \u00e0 105 dB, 44 x 118 x 106 mm, certifi\u00e9e CPR EN 54-3 et EN 54-23. Adressage par lecture de code QR et isolateur de court-circuit int\u00e9gr\u00e9.  <\/p>\n","protected":false},"excerpt":{"rendered":"Sir\u00e8ne analogique int\u00e9rieure optique acoustique rouge flash blanc","protected":false},"featured_media":4545,"template":"","meta":[],"product_brand":[],"product_cat":[187,246],"product_tag":[],"class_list":{"0":"post-5373","1":"product","2":"type-product","3":"status-publish","4":"has-post-thumbnail","6":"product_cat-detection-algorithmique","7":"product_cat-dispositifs-de-signalisation-detection-algorithmique","9":"first","10":"instock","11":"shipping-taxable","12":"product-type-simple"},"_links":{"self":[{"href":"https:\/\/ehox.es\/fr\/wp-json\/wp\/v2\/product\/5373","targetHints":{"allow":["GET"]}}],"collection":[{"href":"https:\/\/ehox.es\/fr\/wp-json\/wp\/v2\/product"}],"about":[{"href":"https:\/\/ehox.es\/fr\/wp-json\/wp\/v2\/types\/product"}],"wp:featuredmedia":[{"embeddable":true,"href":"https:\/\/ehox.es\/fr\/wp-json\/wp\/v2\/media\/4545"}],"wp:attachment":[{"href":"https:\/\/ehox.es\/fr\/wp-json\/wp\/v2\/media?parent=5373"}],"wp:term":[{"taxonomy":"product_brand","embeddable":true,"href":"https:\/\/ehox.es\/fr\/wp-json\/wp\/v2\/product_brand?post=5373"},{"taxonomy":"product_cat","embeddable":true,"href":"https:\/\/ehox.es\/fr\/wp-json\/wp\/v2\/product_cat?post=5373"},{"taxonomy":"product_tag","embeddable":true,"href":"https:\/\/ehox.es\/fr\/wp-json\/wp\/v2\/product_tag?post=5373"}],"curies":[{"name":"wp","href":"https:\/\/api.w.org\/{rel}","templated":true}]}}