{"id":5367,"date":"2026-01-25T17:27:51","date_gmt":"2026-01-25T17:27:51","guid":{"rendered":"https:\/\/ehox.es\/shop\/base-avec-sirene-et-flash-analogique-wxbsf\/"},"modified":"2026-01-25T17:27:51","modified_gmt":"2026-01-25T17:27:51","slug":"base-avec-sirene-et-flash-analogique-wxbsf","status":"publish","type":"product","link":"https:\/\/ehox.es\/fr\/shop\/base-avec-sirene-et-flash-analogique-wxbsf\/","title":{"rendered":"Base avec sir\u00e8ne et flash analogique WXBSF"},"content":{"rendered":"<p>Base avec sir\u00e8ne et flash analogique optique acoustique. 32 tonalit\u00e9s principales et 32 tonalit\u00e9s alternatives, niveau acoustique jusqu&rsquo;\u00e0 92 dB. 130 mm \u00d8 x 28 mm. Certifi\u00e9 CPR EN 54-23. Adressage par lecture de code QR et isolateur de court-circuit int\u00e9gr\u00e9.   <\/p>\n","protected":false},"excerpt":{"rendered":"Base avec sir\u00e8ne et flash analogique optique acoustique","protected":false},"featured_media":4547,"template":"","meta":[],"product_brand":[],"product_cat":[187,246],"product_tag":[],"class_list":{"0":"post-5367","1":"product","2":"type-product","3":"status-publish","4":"has-post-thumbnail","6":"product_cat-detection-algorithmique","7":"product_cat-dispositifs-de-signalisation-detection-algorithmique","9":"first","10":"instock","11":"shipping-taxable","12":"product-type-simple"},"_links":{"self":[{"href":"https:\/\/ehox.es\/fr\/wp-json\/wp\/v2\/product\/5367","targetHints":{"allow":["GET"]}}],"collection":[{"href":"https:\/\/ehox.es\/fr\/wp-json\/wp\/v2\/product"}],"about":[{"href":"https:\/\/ehox.es\/fr\/wp-json\/wp\/v2\/types\/product"}],"wp:featuredmedia":[{"embeddable":true,"href":"https:\/\/ehox.es\/fr\/wp-json\/wp\/v2\/media\/4547"}],"wp:attachment":[{"href":"https:\/\/ehox.es\/fr\/wp-json\/wp\/v2\/media?parent=5367"}],"wp:term":[{"taxonomy":"product_brand","embeddable":true,"href":"https:\/\/ehox.es\/fr\/wp-json\/wp\/v2\/product_brand?post=5367"},{"taxonomy":"product_cat","embeddable":true,"href":"https:\/\/ehox.es\/fr\/wp-json\/wp\/v2\/product_cat?post=5367"},{"taxonomy":"product_tag","embeddable":true,"href":"https:\/\/ehox.es\/fr\/wp-json\/wp\/v2\/product_tag?post=5367"}],"curies":[{"name":"wp","href":"https:\/\/api.w.org\/{rel}","templated":true}]}}