{"id":5357,"date":"2026-01-25T17:21:37","date_gmt":"2026-01-25T17:21:37","guid":{"rendered":"https:\/\/ehox.es\/shop\/bouton-dalarme-analogique-rearmable-wxcp\/"},"modified":"2026-01-25T17:21:37","modified_gmt":"2026-01-25T17:21:37","slug":"bouton-dalarme-analogique-rearmable-wxcp","status":"publish","type":"product","link":"https:\/\/ehox.es\/fr\/shop\/bouton-dalarme-analogique-rearmable-wxcp\/","title":{"rendered":"Bouton d&rsquo;alarme analogique r\u00e9armable WXCP"},"content":{"rendered":"<p>Bouton d&rsquo;alarme analogique r\u00e9armable de couleur rouge avec LED et couvercle, montage en surface, certifi\u00e9 CPR EN54-1. Adressage par lecture de code QR et isolateur de court-circuit int\u00e9gr\u00e9. <\/p>\n","protected":false},"excerpt":{"rendered":"Bouton d&rsquo;alarme analogique r\u00e9armable rouge avec LED et couvercle","protected":false},"featured_media":4548,"template":"","meta":[],"product_brand":[],"product_cat":[187,193,234,243],"product_tag":[],"class_list":{"0":"post-5357","1":"product","2":"type-product","3":"status-publish","4":"has-post-thumbnail","6":"product_cat-detection-algorithmique","7":"product_cat-detection-hybride","8":"product_cat-boutons-poussoirs-detection-hybride","9":"product_cat-boutons-poussoirs-detection-algorithmique","11":"first","12":"instock","13":"shipping-taxable","14":"product-type-simple"},"_links":{"self":[{"href":"https:\/\/ehox.es\/fr\/wp-json\/wp\/v2\/product\/5357","targetHints":{"allow":["GET"]}}],"collection":[{"href":"https:\/\/ehox.es\/fr\/wp-json\/wp\/v2\/product"}],"about":[{"href":"https:\/\/ehox.es\/fr\/wp-json\/wp\/v2\/types\/product"}],"wp:featuredmedia":[{"embeddable":true,"href":"https:\/\/ehox.es\/fr\/wp-json\/wp\/v2\/media\/4548"}],"wp:attachment":[{"href":"https:\/\/ehox.es\/fr\/wp-json\/wp\/v2\/media?parent=5357"}],"wp:term":[{"taxonomy":"product_brand","embeddable":true,"href":"https:\/\/ehox.es\/fr\/wp-json\/wp\/v2\/product_brand?post=5357"},{"taxonomy":"product_cat","embeddable":true,"href":"https:\/\/ehox.es\/fr\/wp-json\/wp\/v2\/product_cat?post=5357"},{"taxonomy":"product_tag","embeddable":true,"href":"https:\/\/ehox.es\/fr\/wp-json\/wp\/v2\/product_tag?post=5357"}],"curies":[{"name":"wp","href":"https:\/\/api.w.org\/{rel}","templated":true}]}}