{"id":5351,"date":"2026-01-25T16:59:11","date_gmt":"2026-01-25T16:59:11","guid":{"rendered":"https:\/\/ehox.es\/shop\/sirene-conventionnelle-interieure-wcpsf\/"},"modified":"2026-01-25T16:59:11","modified_gmt":"2026-01-25T16:59:11","slug":"sirene-conventionnelle-interieure-wcpsf","status":"publish","type":"product","link":"https:\/\/ehox.es\/fr\/shop\/sirene-conventionnelle-interieure-wcpsf\/","title":{"rendered":"Sir\u00e8ne conventionnelle int\u00e9rieure WCPSF"},"content":{"rendered":"<p>Sir\u00e8ne conventionnelle d&rsquo;int\u00e9rieur optique acoustique rouge, flash blanc 32 tonalit\u00e9s principales et 32 tonalit\u00e9s alternatives. Niveau acoustique de 89 dB \u00e0 105 dB, 44 x 118 x 106 mm, certifi\u00e9e CPR EN 54-3 et EN 54-23. <\/p>\n","protected":false},"excerpt":{"rendered":"Sir\u00e8ne conventionnelle int\u00e9rieure optique acoustique rouge, flash blanc","protected":false},"featured_media":4546,"template":"","meta":[],"product_brand":[],"product_cat":[202,240],"product_tag":[],"class_list":{"0":"post-5351","1":"product","2":"type-product","3":"status-publish","4":"has-post-thumbnail","6":"product_cat-detection-conventionnelle","7":"product_cat-dispositifs-signalisation-detection-conventionnelle","9":"first","10":"instock","11":"shipping-taxable","12":"product-type-simple"},"_links":{"self":[{"href":"https:\/\/ehox.es\/fr\/wp-json\/wp\/v2\/product\/5351","targetHints":{"allow":["GET"]}}],"collection":[{"href":"https:\/\/ehox.es\/fr\/wp-json\/wp\/v2\/product"}],"about":[{"href":"https:\/\/ehox.es\/fr\/wp-json\/wp\/v2\/types\/product"}],"wp:featuredmedia":[{"embeddable":true,"href":"https:\/\/ehox.es\/fr\/wp-json\/wp\/v2\/media\/4546"}],"wp:attachment":[{"href":"https:\/\/ehox.es\/fr\/wp-json\/wp\/v2\/media?parent=5351"}],"wp:term":[{"taxonomy":"product_brand","embeddable":true,"href":"https:\/\/ehox.es\/fr\/wp-json\/wp\/v2\/product_brand?post=5351"},{"taxonomy":"product_cat","embeddable":true,"href":"https:\/\/ehox.es\/fr\/wp-json\/wp\/v2\/product_cat?post=5351"},{"taxonomy":"product_tag","embeddable":true,"href":"https:\/\/ehox.es\/fr\/wp-json\/wp\/v2\/product_tag?post=5351"}],"curies":[{"name":"wp","href":"https:\/\/api.w.org\/{rel}","templated":true}]}}