{"id":5336,"date":"2026-01-23T14:03:14","date_gmt":"2026-01-23T14:03:14","guid":{"rendered":"https:\/\/ehox.es\/shop\/carte-de-communication-w4g\/"},"modified":"2026-01-23T14:03:14","modified_gmt":"2026-01-23T14:03:14","slug":"carte-de-communication-w4g","status":"publish","type":"product","link":"https:\/\/ehox.es\/fr\/shop\/carte-de-communication-w4g\/","title":{"rendered":"Carte de communication W4G"},"content":{"rendered":"<p>Carte de communication 4G, protocole Contact ID, compatible avec tous les panneaux EHOX. N\u00e9cessite une carte de donn\u00e9es. Certifi\u00e9e EN54-21.  <\/p>\n","protected":false},"excerpt":{"rendered":"Carte de communication 4G","protected":false},"featured_media":4561,"template":"","meta":[],"product_brand":[],"product_cat":[187,211,214,208,210,193,202,182],"product_tag":[],"class_list":{"0":"post-5336","1":"product","2":"type-product","3":"status-publish","4":"has-post-thumbnail","6":"product_cat-detection-algorithmique","7":"product_cat-accessoires-panneaux-detection-conventionnelle","8":"product_cat-accessoires-panneaux-detection-hybride","9":"product_cat-accessoires-paneux-detection-algorithmique","10":"product_cat-accessoires-panneaux-detection-analogique-de-gaz","11":"product_cat-detection-hybride","12":"product_cat-detection-conventionnelle","13":"product_cat-detection-analogique-de-gaz","15":"first","16":"instock","17":"shipping-taxable","18":"product-type-simple"},"_links":{"self":[{"href":"https:\/\/ehox.es\/fr\/wp-json\/wp\/v2\/product\/5336","targetHints":{"allow":["GET"]}}],"collection":[{"href":"https:\/\/ehox.es\/fr\/wp-json\/wp\/v2\/product"}],"about":[{"href":"https:\/\/ehox.es\/fr\/wp-json\/wp\/v2\/types\/product"}],"wp:featuredmedia":[{"embeddable":true,"href":"https:\/\/ehox.es\/fr\/wp-json\/wp\/v2\/media\/4561"}],"wp:attachment":[{"href":"https:\/\/ehox.es\/fr\/wp-json\/wp\/v2\/media?parent=5336"}],"wp:term":[{"taxonomy":"product_brand","embeddable":true,"href":"https:\/\/ehox.es\/fr\/wp-json\/wp\/v2\/product_brand?post=5336"},{"taxonomy":"product_cat","embeddable":true,"href":"https:\/\/ehox.es\/fr\/wp-json\/wp\/v2\/product_cat?post=5336"},{"taxonomy":"product_tag","embeddable":true,"href":"https:\/\/ehox.es\/fr\/wp-json\/wp\/v2\/product_tag?post=5336"}],"curies":[{"name":"wp","href":"https:\/\/api.w.org\/{rel}","templated":true}]}}