{"id":5324,"date":"2026-01-25T16:56:15","date_gmt":"2026-01-25T16:56:15","guid":{"rendered":"https:\/\/ehox.es\/shop\/bouton-dalarme-conventionnel-rearmable-wccp\/"},"modified":"2026-01-25T16:56:15","modified_gmt":"2026-01-25T16:56:15","slug":"bouton-dalarme-conventionnel-rearmable-wccp","status":"publish","type":"product","link":"https:\/\/ehox.es\/fr\/shop\/bouton-dalarme-conventionnel-rearmable-wccp\/","title":{"rendered":"Bouton d&rsquo;alarme conventionnel r\u00e9armable WCCP"},"content":{"rendered":"<p>Bouton d&rsquo;alarme conventionnel r\u00e9armable rouge avec LED et couvercle, montage en surface, certifi\u00e9 CPR EN54-1<\/p>\n","protected":false},"excerpt":{"rendered":"Bouton d&rsquo;alarme conventionnel r\u00e9armable rouge avec LED et couvercle","protected":false},"featured_media":4551,"template":"","meta":[],"product_brand":[],"product_cat":[193,202,234],"product_tag":[],"class_list":{"0":"post-5324","1":"product","2":"type-product","3":"status-publish","4":"has-post-thumbnail","6":"product_cat-detection-hybride","7":"product_cat-detection-conventionnelle","8":"product_cat-boutons-poussoirs-detection-hybride","10":"first","11":"instock","12":"shipping-taxable","13":"product-type-simple"},"_links":{"self":[{"href":"https:\/\/ehox.es\/fr\/wp-json\/wp\/v2\/product\/5324","targetHints":{"allow":["GET"]}}],"collection":[{"href":"https:\/\/ehox.es\/fr\/wp-json\/wp\/v2\/product"}],"about":[{"href":"https:\/\/ehox.es\/fr\/wp-json\/wp\/v2\/types\/product"}],"wp:featuredmedia":[{"embeddable":true,"href":"https:\/\/ehox.es\/fr\/wp-json\/wp\/v2\/media\/4551"}],"wp:attachment":[{"href":"https:\/\/ehox.es\/fr\/wp-json\/wp\/v2\/media?parent=5324"}],"wp:term":[{"taxonomy":"product_brand","embeddable":true,"href":"https:\/\/ehox.es\/fr\/wp-json\/wp\/v2\/product_brand?post=5324"},{"taxonomy":"product_cat","embeddable":true,"href":"https:\/\/ehox.es\/fr\/wp-json\/wp\/v2\/product_cat?post=5324"},{"taxonomy":"product_tag","embeddable":true,"href":"https:\/\/ehox.es\/fr\/wp-json\/wp\/v2\/product_tag?post=5324"}],"curies":[{"name":"wp","href":"https:\/\/api.w.org\/{rel}","templated":true}]}}