{"id":5312,"date":"2026-01-26T09:52:37","date_gmt":"2026-01-26T09:52:37","guid":{"rendered":"https:\/\/ehox.es\/shop\/mini-module-analogique-sortie-relais-moxo\/"},"modified":"2026-02-24T15:01:32","modified_gmt":"2026-02-24T15:01:32","slug":"mini-module-analogique-sortie-relais-moxo","status":"publish","type":"product","link":"https:\/\/ehox.es\/fr\/shop\/mini-module-analogique-sortie-relais-moxo\/","title":{"rendered":"Mini module analogique sortie relais MOXO"},"content":{"rendered":"<p>Mini module analogique \u00e0 1 sortie relais programmable comme contact NO ou NF. Courant max. 1 A. Pour installation en boucle sur panneaux LX et BX. Ne n\u00e9cessite pas d&rsquo;alimentation externe. Fourni avec bo\u00eetier blanc. Dimensions 40 mm x 40 mm x 20 mm. Adressage par lecture de code QR et isolateur de court-circuit int\u00e9gr\u00e9.      <\/p>\n","protected":false},"excerpt":{"rendered":"Mini module analogique \u00e0 1 sortie relais","protected":false},"featured_media":4504,"template":"","meta":[],"product_brand":[],"product_cat":[187,227],"product_tag":[],"class_list":{"0":"post-5312","1":"product","2":"type-product","3":"status-publish","4":"has-post-thumbnail","6":"product_cat-detection-algorithmique","7":"product_cat-modules-detection-algorithmique","9":"first","10":"instock","11":"shipping-taxable","12":"product-type-simple"},"_links":{"self":[{"href":"https:\/\/ehox.es\/fr\/wp-json\/wp\/v2\/product\/5312","targetHints":{"allow":["GET"]}}],"collection":[{"href":"https:\/\/ehox.es\/fr\/wp-json\/wp\/v2\/product"}],"about":[{"href":"https:\/\/ehox.es\/fr\/wp-json\/wp\/v2\/types\/product"}],"wp:featuredmedia":[{"embeddable":true,"href":"https:\/\/ehox.es\/fr\/wp-json\/wp\/v2\/media\/4504"}],"wp:attachment":[{"href":"https:\/\/ehox.es\/fr\/wp-json\/wp\/v2\/media?parent=5312"}],"wp:term":[{"taxonomy":"product_brand","embeddable":true,"href":"https:\/\/ehox.es\/fr\/wp-json\/wp\/v2\/product_brand?post=5312"},{"taxonomy":"product_cat","embeddable":true,"href":"https:\/\/ehox.es\/fr\/wp-json\/wp\/v2\/product_cat?post=5312"},{"taxonomy":"product_tag","embeddable":true,"href":"https:\/\/ehox.es\/fr\/wp-json\/wp\/v2\/product_tag?post=5312"}],"curies":[{"name":"wp","href":"https:\/\/api.w.org\/{rel}","templated":true}]}}