{"id":5306,"date":"2026-01-26T09:51:33","date_gmt":"2026-01-26T09:51:33","guid":{"rendered":"https:\/\/ehox.es\/shop\/mini-module-analogique-1e-moxi\/"},"modified":"2026-01-26T09:51:33","modified_gmt":"2026-01-26T09:51:33","slug":"mini-module-analogique-1e-moxi","status":"publish","type":"product","link":"https:\/\/ehox.es\/fr\/shop\/mini-module-analogique-1e-moxi\/","title":{"rendered":"Mini module analogique 1E MOXI"},"content":{"rendered":"<p>Mini module analogique \u00e0 1 entr\u00e9e programmable pour la r\u00e9ception de signaux techniques provenant d&rsquo;un contact NO ou NF. \u00c0 installer dans une boucle de panneaux LX et BX. Ne n\u00e9cessite pas d&rsquo;alimentation externe. Fourni avec un bo\u00eetier blanc. Dimensions : 40 mm x 40 mm x 20 mm. Adressage par lecture de code QR et isolateur de court-circuit int\u00e9gr\u00e9.     <\/p>\n","protected":false},"excerpt":{"rendered":"Mini module analogique \u00e0 1 entr\u00e9e technique","protected":false},"featured_media":4503,"template":"","meta":[],"product_brand":[],"product_cat":[187,227],"product_tag":[],"class_list":{"0":"post-5306","1":"product","2":"type-product","3":"status-publish","4":"has-post-thumbnail","6":"product_cat-detection-algorithmique","7":"product_cat-modules-detection-algorithmique","9":"first","10":"instock","11":"shipping-taxable","12":"product-type-simple"},"_links":{"self":[{"href":"https:\/\/ehox.es\/fr\/wp-json\/wp\/v2\/product\/5306","targetHints":{"allow":["GET"]}}],"collection":[{"href":"https:\/\/ehox.es\/fr\/wp-json\/wp\/v2\/product"}],"about":[{"href":"https:\/\/ehox.es\/fr\/wp-json\/wp\/v2\/types\/product"}],"wp:featuredmedia":[{"embeddable":true,"href":"https:\/\/ehox.es\/fr\/wp-json\/wp\/v2\/media\/4503"}],"wp:attachment":[{"href":"https:\/\/ehox.es\/fr\/wp-json\/wp\/v2\/media?parent=5306"}],"wp:term":[{"taxonomy":"product_brand","embeddable":true,"href":"https:\/\/ehox.es\/fr\/wp-json\/wp\/v2\/product_brand?post=5306"},{"taxonomy":"product_cat","embeddable":true,"href":"https:\/\/ehox.es\/fr\/wp-json\/wp\/v2\/product_cat?post=5306"},{"taxonomy":"product_tag","embeddable":true,"href":"https:\/\/ehox.es\/fr\/wp-json\/wp\/v2\/product_tag?post=5306"}],"curies":[{"name":"wp","href":"https:\/\/api.w.org\/{rel}","templated":true}]}}