{"id":5288,"date":"2026-01-26T09:45:15","date_gmt":"2026-01-26T09:45:15","guid":{"rendered":"https:\/\/ehox.es\/shop\/mini-module-conventionnel-1e-zmi\/"},"modified":"2026-01-26T09:45:15","modified_gmt":"2026-01-26T09:45:15","slug":"mini-module-conventionnel-1e-zmi","status":"publish","type":"product","link":"https:\/\/ehox.es\/fr\/shop\/mini-module-conventionnel-1e-zmi\/","title":{"rendered":"Mini module conventionnel 1E ZMI"},"content":{"rendered":"<p>Mini module conventionnel \u00e0 1 entr\u00e9e programmable pour la r\u00e9ception de signaux techniques provenant d&rsquo;un contact NO ou NF. \u00c0 installer dans une zone ou une boucle de panneaux ZX. Ne n\u00e9cessite pas d&rsquo;alimentation externe. Fourni avec un bo\u00eetier blanc. Dimensions : 40 mm x 40 mm x 20 mm.    <\/p>\n","protected":false},"excerpt":{"rendered":"Mini module conventionnel \u00e0 1 entr\u00e9e technique","protected":false},"featured_media":4529,"template":"","meta":[],"product_brand":[],"product_cat":[193,230],"product_tag":[],"class_list":{"0":"post-5288","1":"product","2":"type-product","3":"status-publish","4":"has-post-thumbnail","6":"product_cat-detection-hybride","7":"product_cat-modules-detection-hybride","9":"first","10":"instock","11":"shipping-taxable","12":"product-type-simple"},"_links":{"self":[{"href":"https:\/\/ehox.es\/fr\/wp-json\/wp\/v2\/product\/5288","targetHints":{"allow":["GET"]}}],"collection":[{"href":"https:\/\/ehox.es\/fr\/wp-json\/wp\/v2\/product"}],"about":[{"href":"https:\/\/ehox.es\/fr\/wp-json\/wp\/v2\/types\/product"}],"wp:featuredmedia":[{"embeddable":true,"href":"https:\/\/ehox.es\/fr\/wp-json\/wp\/v2\/media\/4529"}],"wp:attachment":[{"href":"https:\/\/ehox.es\/fr\/wp-json\/wp\/v2\/media?parent=5288"}],"wp:term":[{"taxonomy":"product_brand","embeddable":true,"href":"https:\/\/ehox.es\/fr\/wp-json\/wp\/v2\/product_brand?post=5288"},{"taxonomy":"product_cat","embeddable":true,"href":"https:\/\/ehox.es\/fr\/wp-json\/wp\/v2\/product_cat?post=5288"},{"taxonomy":"product_tag","embeddable":true,"href":"https:\/\/ehox.es\/fr\/wp-json\/wp\/v2\/product_tag?post=5288"}],"curies":[{"name":"wp","href":"https:\/\/api.w.org\/{rel}","templated":true}]}}