{"id":5284,"date":"2026-01-26T09:59:28","date_gmt":"2026-01-26T09:59:28","guid":{"rendered":"https:\/\/ehox.es\/shop\/module-analogique-7e-mmx7i\/"},"modified":"2026-01-26T09:59:28","modified_gmt":"2026-01-26T09:59:28","slug":"module-analogique-7e-mmx7i","status":"publish","type":"product","link":"https:\/\/ehox.es\/fr\/shop\/module-analogique-7e-mmx7i\/","title":{"rendered":"Module analogique 7E MMX7I"},"content":{"rendered":"<p>Module analogique multimode \u00e0 7 entr\u00e9es programmables pour la r\u00e9ception de signaux techniques provenant d&rsquo;un contact NO ou NF. \u00c0 installer dans une boucle de panneaux LX et BX. Occupe 7 adresses dans la boucle. Ne n\u00e9cessite pas d&rsquo;alimentation externe.   <\/p>\n<p>Fourni avec un bo\u00eetier blanc. Dimensions : 150 mm x 110 mm x 46 mm. Adressage par lecture de code QR, occupe 7 adresses dans la boucle et dispose d&rsquo;un isolateur de court-circuit int\u00e9gr\u00e9.  <\/p>\n","protected":false},"excerpt":{"rendered":"Module analogique \u00e0 7 entr\u00e9es techniques","protected":false},"featured_media":4522,"template":"","meta":[],"product_brand":[],"product_cat":[187,227],"product_tag":[],"class_list":{"0":"post-5284","1":"product","2":"type-product","3":"status-publish","4":"has-post-thumbnail","6":"product_cat-detection-algorithmique","7":"product_cat-modules-detection-algorithmique","9":"first","10":"instock","11":"shipping-taxable","12":"product-type-simple"},"_links":{"self":[{"href":"https:\/\/ehox.es\/fr\/wp-json\/wp\/v2\/product\/5284","targetHints":{"allow":["GET"]}}],"collection":[{"href":"https:\/\/ehox.es\/fr\/wp-json\/wp\/v2\/product"}],"about":[{"href":"https:\/\/ehox.es\/fr\/wp-json\/wp\/v2\/types\/product"}],"wp:featuredmedia":[{"embeddable":true,"href":"https:\/\/ehox.es\/fr\/wp-json\/wp\/v2\/media\/4522"}],"wp:attachment":[{"href":"https:\/\/ehox.es\/fr\/wp-json\/wp\/v2\/media?parent=5284"}],"wp:term":[{"taxonomy":"product_brand","embeddable":true,"href":"https:\/\/ehox.es\/fr\/wp-json\/wp\/v2\/product_brand?post=5284"},{"taxonomy":"product_cat","embeddable":true,"href":"https:\/\/ehox.es\/fr\/wp-json\/wp\/v2\/product_cat?post=5284"},{"taxonomy":"product_tag","embeddable":true,"href":"https:\/\/ehox.es\/fr\/wp-json\/wp\/v2\/product_tag?post=5284"}],"curies":[{"name":"wp","href":"https:\/\/api.w.org\/{rel}","templated":true}]}}