{"id":5276,"date":"2026-01-26T09:58:01","date_gmt":"2026-01-26T09:58:01","guid":{"rendered":"https:\/\/ehox.es\/shop\/module-analogique-2-zones-mdx2z\/"},"modified":"2026-01-26T09:58:01","modified_gmt":"2026-01-26T09:58:01","slug":"module-analogique-2-zones-mdx2z","status":"publish","type":"product","link":"https:\/\/ehox.es\/fr\/shop\/module-analogique-2-zones-mdx2z\/","title":{"rendered":"Module analogique 2 zones MDX2Z"},"content":{"rendered":"<p>Module analogique \u00e0 2 zones de d\u00e9tection conventionnelle. Pour installation en boucle sur panneaux LX et BX. Ne n\u00e9cessite pas d&rsquo;alimentation externe. Fourni avec bo\u00eetier blanc. Dimensions : 150 mm x 110 mm x 46 mm. Adressage par lecture de code QR, occupe 2 adresses dans la boucle et dispose d&rsquo;un isolateur de court-circuit int\u00e9gr\u00e9.     <\/p>\n","protected":false},"excerpt":{"rendered":"Module analogique \u00e0 2 zones de d\u00e9tection conventionnelle","protected":false},"featured_media":4524,"template":"","meta":[],"product_brand":[],"product_cat":[187,227],"product_tag":[],"class_list":{"0":"post-5276","1":"product","2":"type-product","3":"status-publish","4":"has-post-thumbnail","6":"product_cat-detection-algorithmique","7":"product_cat-modules-detection-algorithmique","9":"first","10":"instock","11":"shipping-taxable","12":"product-type-simple"},"_links":{"self":[{"href":"https:\/\/ehox.es\/fr\/wp-json\/wp\/v2\/product\/5276","targetHints":{"allow":["GET"]}}],"collection":[{"href":"https:\/\/ehox.es\/fr\/wp-json\/wp\/v2\/product"}],"about":[{"href":"https:\/\/ehox.es\/fr\/wp-json\/wp\/v2\/types\/product"}],"wp:featuredmedia":[{"embeddable":true,"href":"https:\/\/ehox.es\/fr\/wp-json\/wp\/v2\/media\/4524"}],"wp:attachment":[{"href":"https:\/\/ehox.es\/fr\/wp-json\/wp\/v2\/media?parent=5276"}],"wp:term":[{"taxonomy":"product_brand","embeddable":true,"href":"https:\/\/ehox.es\/fr\/wp-json\/wp\/v2\/product_brand?post=5276"},{"taxonomy":"product_cat","embeddable":true,"href":"https:\/\/ehox.es\/fr\/wp-json\/wp\/v2\/product_cat?post=5276"},{"taxonomy":"product_tag","embeddable":true,"href":"https:\/\/ehox.es\/fr\/wp-json\/wp\/v2\/product_tag?post=5276"}],"curies":[{"name":"wp","href":"https:\/\/api.w.org\/{rel}","templated":true}]}}