{"id":5272,"date":"2026-01-26T09:56:40","date_gmt":"2026-01-26T09:56:40","guid":{"rendered":"https:\/\/ehox.es\/shop\/module-analogique-3-e-s-mdx3io\/"},"modified":"2026-01-26T09:56:40","modified_gmt":"2026-01-26T09:56:40","slug":"module-analogique-3-e-s-mdx3io","status":"publish","type":"product","link":"https:\/\/ehox.es\/fr\/shop\/module-analogique-3-e-s-mdx3io\/","title":{"rendered":"Module analogique 3 E\/S MDX3IO"},"content":{"rendered":"<p>Module analogique \u00e0 3 contacts programmables comme entr\u00e9es pour la r\u00e9ception de signaux techniques \u00e0 partir d&rsquo;un contact NO ou NF ou sorties relais programmables comme contact NO ou NF. Courant max. 1 A par contact. Pour installation en boucle sur panneaux LX et BX. Occupe 3 adresses dans la boucle. Ne n\u00e9cessite pas d&rsquo;alimentation externe.    <\/p>\n<p>Fourni avec un bo\u00eetier blanc. Dimensions : 150 mm x 110 mm x 46 mm. Adressage par lecture de code QR, occupe 3 adresses dans la boucle et dispose d&rsquo;un isolateur de court-circuit int\u00e9gr\u00e9.  <\/p>\n","protected":false},"excerpt":{"rendered":"Module analogique \u00e0 3 entr\u00e9es techniques ou 3 sorties relais","protected":false},"featured_media":4525,"template":"","meta":[],"product_brand":[],"product_cat":[187,227],"product_tag":[],"class_list":{"0":"post-5272","1":"product","2":"type-product","3":"status-publish","4":"has-post-thumbnail","6":"product_cat-detection-algorithmique","7":"product_cat-modules-detection-algorithmique","9":"first","10":"instock","11":"shipping-taxable","12":"product-type-simple"},"_links":{"self":[{"href":"https:\/\/ehox.es\/fr\/wp-json\/wp\/v2\/product\/5272","targetHints":{"allow":["GET"]}}],"collection":[{"href":"https:\/\/ehox.es\/fr\/wp-json\/wp\/v2\/product"}],"about":[{"href":"https:\/\/ehox.es\/fr\/wp-json\/wp\/v2\/types\/product"}],"wp:featuredmedia":[{"embeddable":true,"href":"https:\/\/ehox.es\/fr\/wp-json\/wp\/v2\/media\/4525"}],"wp:attachment":[{"href":"https:\/\/ehox.es\/fr\/wp-json\/wp\/v2\/media?parent=5272"}],"wp:term":[{"taxonomy":"product_brand","embeddable":true,"href":"https:\/\/ehox.es\/fr\/wp-json\/wp\/v2\/product_brand?post=5272"},{"taxonomy":"product_cat","embeddable":true,"href":"https:\/\/ehox.es\/fr\/wp-json\/wp\/v2\/product_cat?post=5272"},{"taxonomy":"product_tag","embeddable":true,"href":"https:\/\/ehox.es\/fr\/wp-json\/wp\/v2\/product_tag?post=5272"}],"curies":[{"name":"wp","href":"https:\/\/api.w.org\/{rel}","templated":true}]}}