{"id":5264,"date":"2026-01-26T09:55:06","date_gmt":"2026-01-26T09:55:06","guid":{"rendered":"https:\/\/ehox.es\/shop\/module-analogique-a-3-entrees-mdx3i\/"},"modified":"2026-01-26T09:55:06","modified_gmt":"2026-01-26T09:55:06","slug":"module-analogique-a-3-entrees-mdx3i","status":"publish","type":"product","link":"https:\/\/ehox.es\/fr\/shop\/module-analogique-a-3-entrees-mdx3i\/","title":{"rendered":"Module analogique \u00e0 3 entr\u00e9es MDX3I"},"content":{"rendered":"<p>Module analogique \u00e0 3 entr\u00e9es programmables pour la r\u00e9ception de signaux techniques provenant d&rsquo;un contact NO ou NF. \u00c0 installer dans une boucle de panneaux LX et BX. Occupe 3 adresses dans la boucle. Ne n\u00e9cessite pas d&rsquo;alimentation externe.   <\/p>\n<p>Fourni avec un bo\u00eetier blanc. Dimensions : 150 mm x 110 mm x 46 mm. Adressage par lecture de code QR, occupe 3 adresses dans la boucle et dispose d&rsquo;un isolateur de court-circuit int\u00e9gr\u00e9.  <\/p>\n","protected":false},"excerpt":{"rendered":"Module analogique \u00e0 3 entr\u00e9es techniques","protected":false},"featured_media":4523,"template":"","meta":[],"product_brand":[],"product_cat":[187,227],"product_tag":[],"class_list":{"0":"post-5264","1":"product","2":"type-product","3":"status-publish","4":"has-post-thumbnail","6":"product_cat-detection-algorithmique","7":"product_cat-modules-detection-algorithmique","9":"first","10":"instock","11":"shipping-taxable","12":"product-type-simple"},"_links":{"self":[{"href":"https:\/\/ehox.es\/fr\/wp-json\/wp\/v2\/product\/5264","targetHints":{"allow":["GET"]}}],"collection":[{"href":"https:\/\/ehox.es\/fr\/wp-json\/wp\/v2\/product"}],"about":[{"href":"https:\/\/ehox.es\/fr\/wp-json\/wp\/v2\/types\/product"}],"wp:featuredmedia":[{"embeddable":true,"href":"https:\/\/ehox.es\/fr\/wp-json\/wp\/v2\/media\/4523"}],"wp:attachment":[{"href":"https:\/\/ehox.es\/fr\/wp-json\/wp\/v2\/media?parent=5264"}],"wp:term":[{"taxonomy":"product_brand","embeddable":true,"href":"https:\/\/ehox.es\/fr\/wp-json\/wp\/v2\/product_brand?post=5264"},{"taxonomy":"product_cat","embeddable":true,"href":"https:\/\/ehox.es\/fr\/wp-json\/wp\/v2\/product_cat?post=5264"},{"taxonomy":"product_tag","embeddable":true,"href":"https:\/\/ehox.es\/fr\/wp-json\/wp\/v2\/product_tag?post=5264"}],"curies":[{"name":"wp","href":"https:\/\/api.w.org\/{rel}","templated":true}]}}