{"id":5204,"date":"2026-02-13T11:31:08","date_gmt":"2026-02-13T11:31:08","guid":{"rendered":"https:\/\/ehox.es\/shop\/detecteur-de-monoxyde-analogique-jnc\/"},"modified":"2026-02-13T11:31:08","modified_gmt":"2026-02-13T11:31:08","slug":"detecteur-de-monoxyde-analogique-jnc","status":"publish","type":"product","link":"https:\/\/ehox.es\/fr\/shop\/detecteur-de-monoxyde-analogique-jnc\/","title":{"rendered":"D\u00e9tecteur de monoxyde analogique JNC"},"content":{"rendered":"<p>D\u00e9tecteur de monoxyde analogique \u00e0 sonde \u00e9lectrochimique. Dimensions 100 mm \u00d8 x 38 mm. Certifi\u00e9 XXX. Adressage par lecture de code QR. Dur\u00e9e de vie 10 ans. Comprend base haute pour entr\u00e9e de tube de 20 mm couleur noire (R\u00e9f. BSAN).     <\/p>\n","protected":false},"excerpt":{"rendered":"D\u00e9tecteur de monoxyde analogique \u00e0 sonde \u00e9lectrochimique.","protected":false},"featured_media":4767,"template":"","meta":[],"product_brand":[],"product_cat":[224,182],"product_tag":[],"class_list":{"0":"post-5204","1":"product","2":"type-product","3":"status-publish","4":"has-post-thumbnail","6":"product_cat-detecteurs-detection-analogique-de-gaz","7":"product_cat-detection-analogique-de-gaz","9":"first","10":"instock","11":"shipping-taxable","12":"product-type-simple"},"_links":{"self":[{"href":"https:\/\/ehox.es\/fr\/wp-json\/wp\/v2\/product\/5204","targetHints":{"allow":["GET"]}}],"collection":[{"href":"https:\/\/ehox.es\/fr\/wp-json\/wp\/v2\/product"}],"about":[{"href":"https:\/\/ehox.es\/fr\/wp-json\/wp\/v2\/types\/product"}],"wp:featuredmedia":[{"embeddable":true,"href":"https:\/\/ehox.es\/fr\/wp-json\/wp\/v2\/media\/4767"}],"wp:attachment":[{"href":"https:\/\/ehox.es\/fr\/wp-json\/wp\/v2\/media?parent=5204"}],"wp:term":[{"taxonomy":"product_brand","embeddable":true,"href":"https:\/\/ehox.es\/fr\/wp-json\/wp\/v2\/product_brand?post=5204"},{"taxonomy":"product_cat","embeddable":true,"href":"https:\/\/ehox.es\/fr\/wp-json\/wp\/v2\/product_cat?post=5204"},{"taxonomy":"product_tag","embeddable":true,"href":"https:\/\/ehox.es\/fr\/wp-json\/wp\/v2\/product_tag?post=5204"}],"curies":[{"name":"wp","href":"https:\/\/api.w.org\/{rel}","templated":true}]}}