{"id":5198,"date":"2026-02-13T11:47:12","date_gmt":"2026-02-13T11:47:12","guid":{"rendered":"https:\/\/ehox.es\/shop\/detecteur-analogique-de-dioxyde-dazote-jnd\/"},"modified":"2026-02-13T11:47:12","modified_gmt":"2026-02-13T11:47:12","slug":"detecteur-analogique-de-dioxyde-dazote-jnd","status":"publish","type":"product","link":"https:\/\/ehox.es\/fr\/shop\/detecteur-analogique-de-dioxyde-dazote-jnd\/","title":{"rendered":"D\u00e9tecteur analogique de dioxyde d\u2019azote JND"},"content":{"rendered":"<p>D\u00e9tecteur analogique de dioxyde d\u2019azote avec sonde \u00e9lectrochimique. Dimensions : \u00d8 100 mm x 38 mm. Certificat XXX. Adressage par lecture de code QR. Dur\u00e9e de vie : 10 ans. Inclut une base haute pour entr\u00e9e de tube de 20 mm, couleur noire (r\u00e9f. BSAN).     <\/p>\n","protected":false},"excerpt":{"rendered":"D\u00e9tecteur analogique de dioxyde d\u2019azote avec sonde \u00e9lectrochimique","protected":false},"featured_media":4763,"template":"","meta":[],"product_brand":[],"product_cat":[224,182],"product_tag":[],"class_list":{"0":"post-5198","1":"product","2":"type-product","3":"status-publish","4":"has-post-thumbnail","6":"product_cat-detecteurs-detection-analogique-de-gaz","7":"product_cat-detection-analogique-de-gaz","9":"first","10":"instock","11":"shipping-taxable","12":"product-type-simple"},"_links":{"self":[{"href":"https:\/\/ehox.es\/fr\/wp-json\/wp\/v2\/product\/5198","targetHints":{"allow":["GET"]}}],"collection":[{"href":"https:\/\/ehox.es\/fr\/wp-json\/wp\/v2\/product"}],"about":[{"href":"https:\/\/ehox.es\/fr\/wp-json\/wp\/v2\/types\/product"}],"wp:featuredmedia":[{"embeddable":true,"href":"https:\/\/ehox.es\/fr\/wp-json\/wp\/v2\/media\/4763"}],"wp:attachment":[{"href":"https:\/\/ehox.es\/fr\/wp-json\/wp\/v2\/media?parent=5198"}],"wp:term":[{"taxonomy":"product_brand","embeddable":true,"href":"https:\/\/ehox.es\/fr\/wp-json\/wp\/v2\/product_brand?post=5198"},{"taxonomy":"product_cat","embeddable":true,"href":"https:\/\/ehox.es\/fr\/wp-json\/wp\/v2\/product_cat?post=5198"},{"taxonomy":"product_tag","embeddable":true,"href":"https:\/\/ehox.es\/fr\/wp-json\/wp\/v2\/product_tag?post=5198"}],"curies":[{"name":"wp","href":"https:\/\/api.w.org\/{rel}","templated":true}]}}